{"id":33032,"date":"2026-04-02T16:58:47","date_gmt":"2026-04-02T16:58:47","guid":{"rendered":"https:\/\/egyhealthmedical.com\/?post_type=product&#038;p=33032"},"modified":"2026-04-02T16:58:47","modified_gmt":"2026-04-02T16:58:47","slug":"yuwell-finger-pulse-oximeter-model-yx301","status":"publish","type":"product","link":"https:\/\/egyhealthmedical.com\/en\/product\/yuwell-finger-pulse-oximeter-model-yx301\/","title":{"rendered":"Yuwell Finger Pulse Oximeter \u2013 Model YX301"},"content":{"rendered":"<p><strong>Yuwell Finger Pulse Oximeter<\/strong><\/p>\n<p><strong>Brand: Yuwell<\/strong><\/p>\n<p><strong>Product Name: Finger Pulse Oximeter<\/strong><\/p>\n<p><strong>Model: YX301<\/strong><\/p>\n<p><strong>Device Type: Finger Pulse Oximeter for measuring blood oxygen saturation and pulse rate<\/strong><\/p>\n<p><strong>Operation: One-button operation<\/strong><\/p>\n<p><strong>Display: OLED display<\/strong><\/p>\n<p><strong>Auto Shut-off: After approximately 8 seconds<\/strong><\/p>\n<p><strong>Power Supply: Operates with 2 batteries<\/strong><\/p>\n<p><strong>Weight: Very lightweight<\/strong><\/p>\n<p>&nbsp;<\/p>\n<h6><span style=\"color: #0000ff;\"><strong>Package Contents<\/strong><\/span><\/h6>\n<p><strong>1 \u00d7 Device<\/strong><\/p>\n<p><strong>2 \u00d7 Small batteries<\/strong><\/p>\n<p><strong>1 \u00d7 Lanyard<\/strong><\/p>\n<p><strong>1 \u00d7 User manual<\/strong><\/p>\n<p>&nbsp;<\/p>\n<h6><span style=\"color: #0000ff;\"><strong>Main Functions<\/strong><\/span><\/h6>\n<p><strong>Measures blood oxygen saturation (SpO2)<\/strong><\/p>\n<p><strong>Measures pulse rate (PR)<\/strong><\/p>\n<p><strong>Displays pulse strength (Pulse Bar)<\/strong><\/p>\n<p><strong>Displays pulse waveform (Pulse Wave)<\/strong><\/p>\n<p>&nbsp;<\/p>\n<h6><span style=\"color: #0000ff;\"><strong>Features<\/strong><\/span><\/h6>\n<p><strong>Easy to use<\/strong><\/p>\n<p><strong>Lightweight and portable<\/strong><\/p>\n<p><strong>Low power consumption<\/strong><\/p>\n<p><strong>Automatic shut-off after approximately 8 seconds<\/strong><\/p>\n<p><strong>Compact design for daily use<\/strong><\/p>\n<p><strong>Clear and easy-to-read display<\/strong><\/p>\n<p>&nbsp;<\/p>\n<h6><span style=\"color: #0000ff;\"><strong>Applications<\/strong><\/span><\/h6>\n<p><strong>Monitoring blood oxygen levels<\/strong><\/p>\n<p><strong>Tracking pulse rate<\/strong><\/p>\n<p><strong>Suitable for home and clinical use<\/strong><\/p>\n<p><strong>Ideal for quick and convenient health monitoring<\/strong><\/p>\n<p>&nbsp;<\/p>\n<p><span style=\"color: #0000ff;\"><strong>How the oxygen meter is used?<\/strong><\/span><\/p>\n<p><strong>1-get rid of any accessories or paint on your nails<\/strong><\/p>\n<p><strong>2-warm your hands if they are cold<\/strong><\/p>\n<p><strong>3-relax before taking readings for at least 5 minutes<\/strong><\/p>\n<p><strong>4-place your hand on your chest along the place of the heart and then fix it<\/strong><\/p>\n<p><strong>5-turn on the device and put it on your finger, preferably the middle or index finger<\/strong><\/p>\n<p><strong>6-hold the device on your finger for a minute or more if the reading does not appear yet<\/strong><\/p>\n<p><strong>7-record the highest result that appeared if another reading does not appear within 5 seconds<\/strong><\/p>\n<p><strong>8-make sure that you have made a difference between the oxygen level and the heart rate reading<\/strong><\/p>\n<p><strong>You have the one that appears on the device screen<\/strong><\/p>\n<p>&nbsp;<\/p>\n<h6><span style=\"color: #0000ff;\"><strong>Notable<\/strong><\/span><\/h6>\n<p><strong>The oxygen content should be higher than 90 \u2013 92 %<\/strong><\/p>\n<p><strong>Any number below this indicates a lack of oxygen that requires medical intervention<\/strong><\/p>\n<p>&nbsp;<\/p>\n<p><strong><a href=\"https:\/\/egyhealthmedical.comen\/product-category\/breathing-device\/page\/5\/\"><span style=\"color: #800080;\">For more products oximeter finger pulse<\/span><\/a><\/strong><\/p>\n<p>&nbsp;<\/p>\n<p><strong>The cheapest price from Egy Health Medical devices<\/strong><\/p>\n<p><strong>Real guarantee,<\/strong><\/p>\n<p><strong>Discounts of up to 25%<\/strong><\/p>\n<p><strong>Call Now 01013383669<\/strong><\/p>\n","protected":false},"excerpt":{"rendered":"<p>Yuwell Finger Pulse Oximeter Brand: Yuwell Product Name: Finger Pulse Oximeter Model: YX301 Device Type: Finger Pulse Oximeter for measuring blood oxygen saturation and pulse rate Operation: One-button operation Display: OLED display Auto Shut-off: After approximately 8 seconds Power Supply: Operates with 2 batteries Weight: Very lightweight &nbsp; Package Contents 1 \u00d7 Device 2 \u00d7 Small batteries 1 \u00d7 Lanyard 1 \u00d7 User manual &nbsp; Main Functions Measures blood oxygen saturation (SpO2) Measures pulse rate (PR) Displays pulse strength (Pulse Bar) Displays pulse waveform (Pulse Wave) &nbsp; Features Easy to use Lightweight and portable Low power consumption Automatic shut-off after approximately 8 seconds Compact design for daily use Clear and easy-to-read display &nbsp; Applications Monitoring blood oxygen levels Tracking pulse rate Suitable for home and clinical use Ideal for quick and convenient health monitoring &nbsp; How the oxygen meter is used? 1-get rid of any accessories or paint on your nails 2-warm your hands if they are cold 3-relax before taking readings for at least 5 minutes 4-place your hand on your chest along the place of the heart and then fix it 5-turn on the device and put it on your finger, preferably the middle or index finger 6-hold the device on your finger for a minute or more if the reading does not appear yet 7-record the highest result that appeared if another reading does not appear within 5 seconds 8-make sure that you have made a difference between the oxygen level and the heart rate reading You have the one that appears on the device screen &nbsp; Notable The oxygen content should be higher than 90 \u2013 92 % Any number below this indicates a lack of oxygen that requires medical intervention &nbsp; For more products oximeter finger pulse &nbsp; The cheapest price from Egy Health Medical devices Real guarantee, Discounts of up to 25% Call Now 01013383669<\/p>\n","protected":false},"featured_media":33033,"comment_status":"open","ping_status":"closed","template":"","meta":[],"product_brand":[],"product_cat":[173],"product_tag":[],"class_list":{"0":"post-33032","1":"product","2":"type-product","3":"status-publish","4":"has-post-thumbnail","6":"product_cat-breathing-device","8":"first","9":"instock","10":"sale","11":"shipping-taxable","12":"purchasable","13":"product-type-simple"},"yoast_head":"<!-- This site is optimized with the Yoast SEO plugin v27.3 - https:\/\/yoast.com\/product\/yoast-seo-wordpress\/ -->\n<title>Yuwell Finger Pulse Oximeter | Medical Supplies | Egy Health<\/title>\n<meta name=\"description\" content=\"Yuwell Finger Pulse Oximeter\u00a0 , The cheapest price from Egy Health Medical devices Real guarantee, discounts of up to 25% Call now 01013383669\" \/>\n<meta name=\"robots\" content=\"index, follow, max-snippet:-1, max-image-preview:large, max-video-preview:-1\" \/>\n<link rel=\"canonical\" href=\"https:\/\/egyhealthmedical.com\/en\/product\/yuwell-finger-pulse-oximeter-model-yx301\/\" \/>\n<meta property=\"og:locale\" content=\"en_US\" \/>\n<meta property=\"og:type\" content=\"article\" \/>\n<meta property=\"og:title\" content=\"Yuwell Finger Pulse Oximeter | Medical Supplies | Egy Health\" \/>\n<meta property=\"og:description\" content=\"Yuwell Finger Pulse Oximeter\u00a0 , The cheapest price from Egy Health Medical devices Real guarantee, discounts of up to 25% Call now 01013383669\" \/>\n<meta property=\"og:url\" content=\"https:\/\/egyhealthmedical.com\/en\/product\/yuwell-finger-pulse-oximeter-model-yx301\/\" \/>\n<meta property=\"og:site_name\" content=\"EgyHealth for Medical Equipment\" \/>\n<meta property=\"og:image\" content=\"https:\/\/egyhealthmedical.com\/wp-content\/uploads\/2026\/04\/Yuwell-Finger-Pulse-Oximeter.png\" \/>\n\t<meta property=\"og:image:width\" content=\"2000\" \/>\n\t<meta property=\"og:image:height\" content=\"2000\" \/>\n\t<meta property=\"og:image:type\" content=\"image\/png\" \/>\n<meta name=\"twitter:card\" content=\"summary_large_image\" \/>\n<script type=\"application\/ld+json\" class=\"yoast-schema-graph\">{\"@context\":\"https:\\\/\\\/schema.org\",\"@graph\":[{\"@type\":\"WebPage\",\"@id\":\"https:\\\/\\\/egyhealthmedical.com\\\/en\\\/product\\\/yuwell-finger-pulse-oximeter-model-yx301\\\/\",\"url\":\"https:\\\/\\\/egyhealthmedical.com\\\/en\\\/product\\\/yuwell-finger-pulse-oximeter-model-yx301\\\/\",\"name\":\"Yuwell Finger Pulse Oximeter | Medical Supplies | Egy Health\",\"isPartOf\":{\"@id\":\"https:\\\/\\\/egyhealthmedical.com\\\/#website\"},\"primaryImageOfPage\":{\"@id\":\"https:\\\/\\\/egyhealthmedical.com\\\/en\\\/product\\\/yuwell-finger-pulse-oximeter-model-yx301\\\/#primaryimage\"},\"image\":{\"@id\":\"https:\\\/\\\/egyhealthmedical.com\\\/en\\\/product\\\/yuwell-finger-pulse-oximeter-model-yx301\\\/#primaryimage\"},\"thumbnailUrl\":\"https:\\\/\\\/egyhealthmedical.com\\\/wp-content\\\/uploads\\\/2026\\\/04\\\/Yuwell-Finger-Pulse-Oximeter.png\",\"datePublished\":\"2026-04-02T16:58:47+00:00\",\"description\":\"Yuwell Finger Pulse Oximeter\u00a0 , The cheapest price from Egy Health Medical devices Real guarantee, discounts of up to 25% Call now 01013383669\",\"breadcrumb\":{\"@id\":\"https:\\\/\\\/egyhealthmedical.com\\\/en\\\/product\\\/yuwell-finger-pulse-oximeter-model-yx301\\\/#breadcrumb\"},\"inLanguage\":\"en-US\",\"potentialAction\":[{\"@type\":\"ReadAction\",\"target\":[\"https:\\\/\\\/egyhealthmedical.com\\\/en\\\/product\\\/yuwell-finger-pulse-oximeter-model-yx301\\\/\"]}]},{\"@type\":\"ImageObject\",\"inLanguage\":\"en-US\",\"@id\":\"https:\\\/\\\/egyhealthmedical.com\\\/en\\\/product\\\/yuwell-finger-pulse-oximeter-model-yx301\\\/#primaryimage\",\"url\":\"https:\\\/\\\/egyhealthmedical.com\\\/wp-content\\\/uploads\\\/2026\\\/04\\\/Yuwell-Finger-Pulse-Oximeter.png\",\"contentUrl\":\"https:\\\/\\\/egyhealthmedical.com\\\/wp-content\\\/uploads\\\/2026\\\/04\\\/Yuwell-Finger-Pulse-Oximeter.png\",\"width\":2000,\"height\":2000,\"caption\":\"\u062c\u0647\u0627\u0632 \u0642\u064a\u0627\u0633 \u0627\u0644\u0627\u0643\u0633\u062c\u064a\u0646 \u0628\u0627\u0644\u0627\u0635\u0628\u0639 \u064a\u0648\u0648\u064a\u0644 Yuwell Finger Pulse Oximeter , EGY HEALTH\"},{\"@type\":\"BreadcrumbList\",\"@id\":\"https:\\\/\\\/egyhealthmedical.com\\\/en\\\/product\\\/yuwell-finger-pulse-oximeter-model-yx301\\\/#breadcrumb\",\"itemListElement\":[{\"@type\":\"ListItem\",\"position\":1,\"name\":\"Home\",\"item\":\"https:\\\/\\\/egyhealthmedical.com\\\/en\\\/\"},{\"@type\":\"ListItem\",\"position\":2,\"name\":\"\u0627\u0644\u0645\u062a\u062c\u0631\",\"item\":\"https:\\\/\\\/egyhealthmedical.com\\\/store\\\/\"},{\"@type\":\"ListItem\",\"position\":3,\"name\":\"Yuwell Finger Pulse Oximeter \u2013 Model YX301\"}]},{\"@type\":\"WebSite\",\"@id\":\"https:\\\/\\\/egyhealthmedical.com\\\/#website\",\"url\":\"https:\\\/\\\/egyhealthmedical.com\\\/\",\"name\":\"EgyHealth for Medical Equipment\",\"description\":\"Medical Equipments\",\"publisher\":{\"@id\":\"https:\\\/\\\/egyhealthmedical.com\\\/#organization\"},\"potentialAction\":[{\"@type\":\"SearchAction\",\"target\":{\"@type\":\"EntryPoint\",\"urlTemplate\":\"https:\\\/\\\/egyhealthmedical.com\\\/?s={search_term_string}\"},\"query-input\":{\"@type\":\"PropertyValueSpecification\",\"valueRequired\":true,\"valueName\":\"search_term_string\"}}],\"inLanguage\":\"en-US\"},{\"@type\":\"Organization\",\"@id\":\"https:\\\/\\\/egyhealthmedical.com\\\/#organization\",\"name\":\"\u0625\u064a\u062c\u064a \u0647\u064a\u0644\u062b\",\"url\":\"https:\\\/\\\/egyhealthmedical.com\\\/\",\"logo\":{\"@type\":\"ImageObject\",\"inLanguage\":\"en-US\",\"@id\":\"https:\\\/\\\/egyhealthmedical.com\\\/#\\\/schema\\\/logo\\\/image\\\/\",\"url\":\"https:\\\/\\\/egyhealthmedical.com\\\/wp-content\\\/uploads\\\/2025\\\/05\\\/Asset-218lava-187x54-1.png\",\"contentUrl\":\"https:\\\/\\\/egyhealthmedical.com\\\/wp-content\\\/uploads\\\/2025\\\/05\\\/Asset-218lava-187x54-1.png\",\"width\":187,\"height\":54,\"caption\":\"\u0625\u064a\u062c\u064a \u0647\u064a\u0644\u062b\"},\"image\":{\"@id\":\"https:\\\/\\\/egyhealthmedical.com\\\/#\\\/schema\\\/logo\\\/image\\\/\"}}]}<\/script>\n<!-- \/ Yoast SEO plugin. -->","yoast_head_json":{"title":"Yuwell Finger Pulse Oximeter | Medical Supplies | Egy Health","description":"Yuwell Finger Pulse Oximeter\u00a0 , The cheapest price from Egy Health Medical devices Real guarantee, discounts of up to 25% Call now 01013383669","robots":{"index":"index","follow":"follow","max-snippet":"max-snippet:-1","max-image-preview":"max-image-preview:large","max-video-preview":"max-video-preview:-1"},"canonical":"https:\/\/egyhealthmedical.com\/en\/product\/yuwell-finger-pulse-oximeter-model-yx301\/","og_locale":"en_US","og_type":"article","og_title":"Yuwell Finger Pulse Oximeter | Medical Supplies | Egy Health","og_description":"Yuwell Finger Pulse Oximeter\u00a0 , The cheapest price from Egy Health Medical devices Real guarantee, discounts of up to 25% Call now 01013383669","og_url":"https:\/\/egyhealthmedical.com\/en\/product\/yuwell-finger-pulse-oximeter-model-yx301\/","og_site_name":"EgyHealth for Medical Equipment","og_image":[{"width":2000,"height":2000,"url":"https:\/\/egyhealthmedical.com\/wp-content\/uploads\/2026\/04\/Yuwell-Finger-Pulse-Oximeter.png","type":"image\/png"}],"twitter_card":"summary_large_image","schema":{"@context":"https:\/\/schema.org","@graph":[{"@type":"WebPage","@id":"https:\/\/egyhealthmedical.com\/en\/product\/yuwell-finger-pulse-oximeter-model-yx301\/","url":"https:\/\/egyhealthmedical.com\/en\/product\/yuwell-finger-pulse-oximeter-model-yx301\/","name":"Yuwell Finger Pulse Oximeter | Medical Supplies | Egy Health","isPartOf":{"@id":"https:\/\/egyhealthmedical.com\/#website"},"primaryImageOfPage":{"@id":"https:\/\/egyhealthmedical.com\/en\/product\/yuwell-finger-pulse-oximeter-model-yx301\/#primaryimage"},"image":{"@id":"https:\/\/egyhealthmedical.com\/en\/product\/yuwell-finger-pulse-oximeter-model-yx301\/#primaryimage"},"thumbnailUrl":"https:\/\/egyhealthmedical.com\/wp-content\/uploads\/2026\/04\/Yuwell-Finger-Pulse-Oximeter.png","datePublished":"2026-04-02T16:58:47+00:00","description":"Yuwell Finger Pulse Oximeter\u00a0 , The cheapest price from Egy Health Medical devices Real guarantee, discounts of up to 25% Call now 01013383669","breadcrumb":{"@id":"https:\/\/egyhealthmedical.com\/en\/product\/yuwell-finger-pulse-oximeter-model-yx301\/#breadcrumb"},"inLanguage":"en-US","potentialAction":[{"@type":"ReadAction","target":["https:\/\/egyhealthmedical.com\/en\/product\/yuwell-finger-pulse-oximeter-model-yx301\/"]}]},{"@type":"ImageObject","inLanguage":"en-US","@id":"https:\/\/egyhealthmedical.com\/en\/product\/yuwell-finger-pulse-oximeter-model-yx301\/#primaryimage","url":"https:\/\/egyhealthmedical.com\/wp-content\/uploads\/2026\/04\/Yuwell-Finger-Pulse-Oximeter.png","contentUrl":"https:\/\/egyhealthmedical.com\/wp-content\/uploads\/2026\/04\/Yuwell-Finger-Pulse-Oximeter.png","width":2000,"height":2000,"caption":"\u062c\u0647\u0627\u0632 \u0642\u064a\u0627\u0633 \u0627\u0644\u0627\u0643\u0633\u062c\u064a\u0646 \u0628\u0627\u0644\u0627\u0635\u0628\u0639 \u064a\u0648\u0648\u064a\u0644 Yuwell Finger Pulse Oximeter , EGY HEALTH"},{"@type":"BreadcrumbList","@id":"https:\/\/egyhealthmedical.com\/en\/product\/yuwell-finger-pulse-oximeter-model-yx301\/#breadcrumb","itemListElement":[{"@type":"ListItem","position":1,"name":"Home","item":"https:\/\/egyhealthmedical.com\/en\/"},{"@type":"ListItem","position":2,"name":"\u0627\u0644\u0645\u062a\u062c\u0631","item":"https:\/\/egyhealthmedical.com\/store\/"},{"@type":"ListItem","position":3,"name":"Yuwell Finger Pulse Oximeter \u2013 Model YX301"}]},{"@type":"WebSite","@id":"https:\/\/egyhealthmedical.com\/#website","url":"https:\/\/egyhealthmedical.com\/","name":"EgyHealth for Medical Equipment","description":"Medical Equipments","publisher":{"@id":"https:\/\/egyhealthmedical.com\/#organization"},"potentialAction":[{"@type":"SearchAction","target":{"@type":"EntryPoint","urlTemplate":"https:\/\/egyhealthmedical.com\/?s={search_term_string}"},"query-input":{"@type":"PropertyValueSpecification","valueRequired":true,"valueName":"search_term_string"}}],"inLanguage":"en-US"},{"@type":"Organization","@id":"https:\/\/egyhealthmedical.com\/#organization","name":"\u0625\u064a\u062c\u064a \u0647\u064a\u0644\u062b","url":"https:\/\/egyhealthmedical.com\/","logo":{"@type":"ImageObject","inLanguage":"en-US","@id":"https:\/\/egyhealthmedical.com\/#\/schema\/logo\/image\/","url":"https:\/\/egyhealthmedical.com\/wp-content\/uploads\/2025\/05\/Asset-218lava-187x54-1.png","contentUrl":"https:\/\/egyhealthmedical.com\/wp-content\/uploads\/2025\/05\/Asset-218lava-187x54-1.png","width":187,"height":54,"caption":"\u0625\u064a\u062c\u064a \u0647\u064a\u0644\u062b"},"image":{"@id":"https:\/\/egyhealthmedical.com\/#\/schema\/logo\/image\/"}}]}},"_links":{"self":[{"href":"https:\/\/egyhealthmedical.com\/en\/wp-json\/wp\/v2\/product\/33032","targetHints":{"allow":["GET"]}}],"collection":[{"href":"https:\/\/egyhealthmedical.com\/en\/wp-json\/wp\/v2\/product"}],"about":[{"href":"https:\/\/egyhealthmedical.com\/en\/wp-json\/wp\/v2\/types\/product"}],"replies":[{"embeddable":true,"href":"https:\/\/egyhealthmedical.com\/en\/wp-json\/wp\/v2\/comments?post=33032"}],"wp:featuredmedia":[{"embeddable":true,"href":"https:\/\/egyhealthmedical.com\/en\/wp-json\/wp\/v2\/media\/33033"}],"wp:attachment":[{"href":"https:\/\/egyhealthmedical.com\/en\/wp-json\/wp\/v2\/media?parent=33032"}],"wp:term":[{"taxonomy":"product_brand","embeddable":true,"href":"https:\/\/egyhealthmedical.com\/en\/wp-json\/wp\/v2\/product_brand?post=33032"},{"taxonomy":"product_cat","embeddable":true,"href":"https:\/\/egyhealthmedical.com\/en\/wp-json\/wp\/v2\/product_cat?post=33032"},{"taxonomy":"product_tag","embeddable":true,"href":"https:\/\/egyhealthmedical.com\/en\/wp-json\/wp\/v2\/product_tag?post=33032"}],"curies":[{"name":"wp","href":"https:\/\/api.w.org\/{rel}","templated":true}]}}