{"id":31096,"date":"2025-10-02T12:01:52","date_gmt":"2025-10-02T12:01:52","guid":{"rendered":"https:\/\/egyhealthmedical.com?post_type=product&#038;p=31096"},"modified":"2025-10-02T12:01:52","modified_gmt":"2025-10-02T12:01:52","slug":"ultrasound-therapy-machine","status":"publish","type":"product","link":"https:\/\/egyhealthmedical.com\/en\/product\/ultrasound-therapy-machine\/","title":{"rendered":"Ultrasound Therapy Machine"},"content":{"rendered":"<p><strong><span style=\"letter-spacing: 0px;\">Ultrasound Therapy Machine<\/span><\/strong><\/p>\n<p>&nbsp;<\/p>\n<h6><span style=\"color: #0000ff;\"><strong>Key Features<\/strong><\/span><\/h6>\n<p><strong>Safe and effective therapy: no radiation, no side effects<\/strong><\/p>\n<p><strong>Multiple therapeutic effects: mechanical, thermal, and permeability for better results<\/strong><\/p>\n<p><strong>LCD screen with backlight: clear display of time and intensity level<\/strong><\/p>\n<p><strong>Adjustable timer: from 5 \u2013 30 minutes as needed<\/strong><\/p>\n<p><strong>Multiple power levels (0.8 \u2013 2.5) for precise intensity control<\/strong><\/p>\n<p><strong>Compact and lightweight design: easy to use and carry<\/strong><\/p>\n<p><strong>Suitable for: home and clinic use<\/strong><\/p>\n<p><strong>Origin: China<\/strong><\/p>\n<p>&nbsp;<\/p>\n<h6><span style=\"color: #0000ff;\"><strong>Technical Specifications<\/strong><\/span><\/h6>\n<p><strong>Power supply: 100 \u2013 240 V \/ 50\u201360 Hz<\/strong><\/p>\n<p><strong>Power consumption: 25 W<\/strong><\/p>\n<p><strong>Frequency: 1.05 MHz \u00b1 10%<\/strong><\/p>\n<p><strong>Output power: \u2264 5 W<\/strong><\/p>\n<p><strong>Effective Radiating Area (ERA): 9 cm\u00b2<\/strong><\/p>\n<p><strong>Probe temperature: \u2264 41\u00b0C<\/strong><\/p>\n<p><strong>Relative humidity: 20% \u2013 80%<\/strong><\/p>\n<p><strong>Operating temperature: 5\u00b0C \u2013 40\u00b0C<\/strong><\/p>\n<p><strong>Atmospheric pressure: 86 \u2013 106 kPa<\/strong><\/p>\n<p>&nbsp;<\/p>\n<h6><span style=\"color: #0000ff;\"><strong>Therapeutic Effects<\/strong><\/span><\/h6>\n<p><strong>Mechanical: stimulates blood circulation \u2013 tissue regeneration \u2013 pain relief<\/strong><\/p>\n<p><strong>Thermal: improves blood flow \u2013 reduces muscle spasms \u2013 enhances tissue nutrition<\/strong><\/p>\n<p><strong>Permeability: better drug absorption \u2013 collagen tightening \u2013 scar reduction<\/strong><\/p>\n<p>&nbsp;<\/p>\n<h6><span style=\"color: #0000ff;\"><strong>Target Users<\/strong><\/span><\/h6>\n<p><strong>Stroke patients with limited mobility<\/strong><\/p>\n<p><strong>Patients with muscle strains or spasms<\/strong><\/p>\n<p><strong>Individuals with soft tissue injuries or congestion<\/strong><\/p>\n<p>&nbsp;<\/p>\n<h6><span style=\"color: #0000ff;\"><strong>Package Contents<\/strong><\/span><\/h6>\n<p><strong>Main device \u00d7 1<\/strong><\/p>\n<p><strong>Ultrasound probe \u00d7 1<\/strong><\/p>\n<p><strong>Power cable \u00d7 1<\/strong><\/p>\n<p>&nbsp;<\/p>\n<h6><span style=\"color: #0000ff;\"><strong>Important Warnings<\/strong><\/span><\/h6>\n<p><strong>Not suitable for pregnant women, cancer patients, or pacemaker users<\/strong><\/p>\n<p><strong>Do not use on the brain, heart, eyes, or reproductive organs<\/strong><\/p>\n<p><strong>Always use the dedicated gel (do not replace with water)<\/strong><\/p>\n<p><strong>Not to be used in operating rooms or near flammable gases<\/strong><\/p>\n<p>&nbsp;<\/p>\n<p><strong><a href=\"https:\/\/egyhealthmedical.comen\/product-category\/massager-losing-weight-devices\/\"><span style=\"color: #800080;\" data-complaint-type=\"fullTextTranslation\">For more information about massage and slimming devices<\/span><\/a><\/strong><\/p>\n<p>&nbsp;<\/p>\n<p><strong>The cheapest price from Egy Health Medical devices<\/strong><\/p>\n<p><strong>Real guarantee<\/strong><\/p>\n<p><strong>Discounts of up to 25%<\/strong><\/p>\n<p><strong>Call Now 01013383669<\/strong><\/p>\n<p>\u200b<\/p>\n","protected":false},"excerpt":{"rendered":"<p>Ultrasound Therapy Machine &nbsp; Key Features Safe and effective therapy: no radiation, no side effects Multiple therapeutic effects: mechanical, thermal, and permeability for better results LCD screen with backlight: clear display of time and intensity level Adjustable timer: from 5 \u2013 30 minutes as needed Multiple power levels (0.8 \u2013 2.5) for precise intensity control Compact and lightweight design: easy to use and carry Suitable for: home and clinic use Origin: China &nbsp; Technical Specifications Power supply: 100 \u2013 240 V \/ 50\u201360 Hz Power consumption: 25 W Frequency: 1.05 MHz \u00b1 10% Output power: \u2264 5 W Effective Radiating Area (ERA): 9 cm\u00b2 Probe temperature: \u2264 41\u00b0C Relative humidity: 20% \u2013 80% Operating temperature: 5\u00b0C \u2013 40\u00b0C Atmospheric pressure: 86 \u2013 106 kPa &nbsp; Therapeutic Effects Mechanical: stimulates blood circulation \u2013 tissue regeneration \u2013 pain relief Thermal: improves blood flow \u2013 reduces muscle spasms \u2013 enhances tissue nutrition Permeability: better drug absorption \u2013 collagen tightening \u2013 scar reduction &nbsp; Target Users Stroke patients with limited mobility Patients with muscle strains or spasms Individuals with soft tissue injuries or congestion &nbsp; Package Contents Main device \u00d7 1 Ultrasound probe \u00d7 1 Power cable \u00d7 1 &nbsp; Important Warnings Not suitable for pregnant women, cancer patients, or pacemaker users Do not use on the brain, heart, eyes, or reproductive organs Always use the dedicated gel (do not replace with water) Not to be used in operating rooms or near flammable gases &nbsp; For more information about massage and slimming devices &nbsp; The cheapest price from Egy Health Medical devices Real guarantee Discounts of up to 25% Call Now 01013383669 \u200b<\/p>\n","protected":false},"featured_media":31097,"comment_status":"open","ping_status":"closed","template":"","meta":[],"product_brand":[],"product_cat":[178],"product_tag":[],"class_list":{"0":"post-31096","1":"product","2":"type-product","3":"status-publish","4":"has-post-thumbnail","6":"product_cat-massager-losing-weight-devices","8":"first","9":"instock","10":"sale","11":"shipping-taxable","12":"purchasable","13":"product-type-simple"},"yoast_head":"<!-- This site is optimized with the Yoast SEO plugin v27.3 - https:\/\/yoast.com\/product\/yoast-seo-wordpress\/ -->\n<title>Ultrasound Therapy Machine | physical therapy | Egy Health<\/title>\n<meta name=\"description\" content=\"Ultrasound Therapy Machine , from Egy Health Medical devices and supplies Real guarantee, discounts of up to 25% Call now 01013383669\" \/>\n<meta name=\"robots\" content=\"index, follow, max-snippet:-1, max-image-preview:large, max-video-preview:-1\" \/>\n<link rel=\"canonical\" href=\"https:\/\/egyhealthmedical.com\/en\/product\/ultrasound-therapy-machine\/\" \/>\n<meta property=\"og:locale\" content=\"en_US\" \/>\n<meta property=\"og:type\" content=\"article\" \/>\n<meta property=\"og:title\" content=\"Ultrasound Therapy Machine | physical therapy | Egy Health\" \/>\n<meta property=\"og:description\" content=\"Ultrasound Therapy Machine , from Egy Health Medical devices and supplies Real guarantee, discounts of up to 25% Call now 01013383669\" \/>\n<meta property=\"og:url\" content=\"https:\/\/egyhealthmedical.com\/en\/product\/ultrasound-therapy-machine\/\" \/>\n<meta property=\"og:site_name\" content=\"EgyHealth for Medical Equipment\" \/>\n<meta property=\"og:image\" content=\"https:\/\/egyhealthmedical.com\/wp-content\/uploads\/2025\/10\/Ultrasound-Therapy-Machine.jpeg\" \/>\n\t<meta property=\"og:image:width\" content=\"1600\" \/>\n\t<meta property=\"og:image:height\" content=\"1600\" \/>\n\t<meta property=\"og:image:type\" content=\"image\/jpeg\" \/>\n<meta name=\"twitter:card\" content=\"summary_large_image\" \/>\n<script type=\"application\/ld+json\" class=\"yoast-schema-graph\">{\"@context\":\"https:\\\/\\\/schema.org\",\"@graph\":[{\"@type\":\"WebPage\",\"@id\":\"https:\\\/\\\/egyhealthmedical.com\\\/en\\\/product\\\/ultrasound-therapy-machine\\\/\",\"url\":\"https:\\\/\\\/egyhealthmedical.com\\\/en\\\/product\\\/ultrasound-therapy-machine\\\/\",\"name\":\"Ultrasound Therapy Machine | physical therapy | Egy Health\",\"isPartOf\":{\"@id\":\"https:\\\/\\\/egyhealthmedical.com\\\/#website\"},\"primaryImageOfPage\":{\"@id\":\"https:\\\/\\\/egyhealthmedical.com\\\/en\\\/product\\\/ultrasound-therapy-machine\\\/#primaryimage\"},\"image\":{\"@id\":\"https:\\\/\\\/egyhealthmedical.com\\\/en\\\/product\\\/ultrasound-therapy-machine\\\/#primaryimage\"},\"thumbnailUrl\":\"https:\\\/\\\/egyhealthmedical.com\\\/wp-content\\\/uploads\\\/2025\\\/10\\\/Ultrasound-Therapy-Machine.jpeg\",\"datePublished\":\"2025-10-02T12:01:52+00:00\",\"description\":\"Ultrasound Therapy Machine , from Egy Health Medical devices and supplies Real guarantee, discounts of up to 25% Call now 01013383669\",\"breadcrumb\":{\"@id\":\"https:\\\/\\\/egyhealthmedical.com\\\/en\\\/product\\\/ultrasound-therapy-machine\\\/#breadcrumb\"},\"inLanguage\":\"en-US\",\"potentialAction\":[{\"@type\":\"ReadAction\",\"target\":[\"https:\\\/\\\/egyhealthmedical.com\\\/en\\\/product\\\/ultrasound-therapy-machine\\\/\"]}]},{\"@type\":\"ImageObject\",\"inLanguage\":\"en-US\",\"@id\":\"https:\\\/\\\/egyhealthmedical.com\\\/en\\\/product\\\/ultrasound-therapy-machine\\\/#primaryimage\",\"url\":\"https:\\\/\\\/egyhealthmedical.com\\\/wp-content\\\/uploads\\\/2025\\\/10\\\/Ultrasound-Therapy-Machine.jpeg\",\"contentUrl\":\"https:\\\/\\\/egyhealthmedical.com\\\/wp-content\\\/uploads\\\/2025\\\/10\\\/Ultrasound-Therapy-Machine.jpeg\",\"width\":1600,\"height\":1600,\"caption\":\"\u062c\u0647\u0627\u0632 \u0639\u0644\u0627\u062c \u0637\u0628\u064a\u0639\u0649 \u0628\u0627\u0644\u0645\u0648\u062c\u0627\u062a \u0641\u0648\u0642 \u0627\u0644\u0635\u0648\u062a\u064a\u0647 Ultrasound Therapy Machine , EGY HEALTH\"},{\"@type\":\"BreadcrumbList\",\"@id\":\"https:\\\/\\\/egyhealthmedical.com\\\/en\\\/product\\\/ultrasound-therapy-machine\\\/#breadcrumb\",\"itemListElement\":[{\"@type\":\"ListItem\",\"position\":1,\"name\":\"Home\",\"item\":\"https:\\\/\\\/egyhealthmedical.com\\\/en\\\/\"},{\"@type\":\"ListItem\",\"position\":2,\"name\":\"\u0627\u0644\u0645\u062a\u062c\u0631\",\"item\":\"https:\\\/\\\/egyhealthmedical.com\\\/store\\\/\"},{\"@type\":\"ListItem\",\"position\":3,\"name\":\"Ultrasound Therapy Machine\"}]},{\"@type\":\"WebSite\",\"@id\":\"https:\\\/\\\/egyhealthmedical.com\\\/#website\",\"url\":\"https:\\\/\\\/egyhealthmedical.com\\\/\",\"name\":\"EgyHealth for Medical Equipment\",\"description\":\"Medical Equipments\",\"publisher\":{\"@id\":\"https:\\\/\\\/egyhealthmedical.com\\\/#organization\"},\"potentialAction\":[{\"@type\":\"SearchAction\",\"target\":{\"@type\":\"EntryPoint\",\"urlTemplate\":\"https:\\\/\\\/egyhealthmedical.com\\\/?s={search_term_string}\"},\"query-input\":{\"@type\":\"PropertyValueSpecification\",\"valueRequired\":true,\"valueName\":\"search_term_string\"}}],\"inLanguage\":\"en-US\"},{\"@type\":\"Organization\",\"@id\":\"https:\\\/\\\/egyhealthmedical.com\\\/#organization\",\"name\":\"\u0625\u064a\u062c\u064a \u0647\u064a\u0644\u062b\",\"url\":\"https:\\\/\\\/egyhealthmedical.com\\\/\",\"logo\":{\"@type\":\"ImageObject\",\"inLanguage\":\"en-US\",\"@id\":\"https:\\\/\\\/egyhealthmedical.com\\\/#\\\/schema\\\/logo\\\/image\\\/\",\"url\":\"https:\\\/\\\/egyhealthmedical.com\\\/wp-content\\\/uploads\\\/2025\\\/05\\\/Asset-218lava-187x54-1.png\",\"contentUrl\":\"https:\\\/\\\/egyhealthmedical.com\\\/wp-content\\\/uploads\\\/2025\\\/05\\\/Asset-218lava-187x54-1.png\",\"width\":187,\"height\":54,\"caption\":\"\u0625\u064a\u062c\u064a \u0647\u064a\u0644\u062b\"},\"image\":{\"@id\":\"https:\\\/\\\/egyhealthmedical.com\\\/#\\\/schema\\\/logo\\\/image\\\/\"}}]}<\/script>\n<!-- \/ Yoast SEO plugin. -->","yoast_head_json":{"title":"Ultrasound Therapy Machine | physical therapy | Egy Health","description":"Ultrasound Therapy Machine , from Egy Health Medical devices and supplies Real guarantee, discounts of up to 25% Call now 01013383669","robots":{"index":"index","follow":"follow","max-snippet":"max-snippet:-1","max-image-preview":"max-image-preview:large","max-video-preview":"max-video-preview:-1"},"canonical":"https:\/\/egyhealthmedical.com\/en\/product\/ultrasound-therapy-machine\/","og_locale":"en_US","og_type":"article","og_title":"Ultrasound Therapy Machine | physical therapy | Egy Health","og_description":"Ultrasound Therapy Machine , from Egy Health Medical devices and supplies Real guarantee, discounts of up to 25% Call now 01013383669","og_url":"https:\/\/egyhealthmedical.com\/en\/product\/ultrasound-therapy-machine\/","og_site_name":"EgyHealth for Medical Equipment","og_image":[{"width":1600,"height":1600,"url":"https:\/\/egyhealthmedical.com\/wp-content\/uploads\/2025\/10\/Ultrasound-Therapy-Machine.jpeg","type":"image\/jpeg"}],"twitter_card":"summary_large_image","schema":{"@context":"https:\/\/schema.org","@graph":[{"@type":"WebPage","@id":"https:\/\/egyhealthmedical.com\/en\/product\/ultrasound-therapy-machine\/","url":"https:\/\/egyhealthmedical.com\/en\/product\/ultrasound-therapy-machine\/","name":"Ultrasound Therapy Machine | physical therapy | Egy Health","isPartOf":{"@id":"https:\/\/egyhealthmedical.com\/#website"},"primaryImageOfPage":{"@id":"https:\/\/egyhealthmedical.com\/en\/product\/ultrasound-therapy-machine\/#primaryimage"},"image":{"@id":"https:\/\/egyhealthmedical.com\/en\/product\/ultrasound-therapy-machine\/#primaryimage"},"thumbnailUrl":"https:\/\/egyhealthmedical.com\/wp-content\/uploads\/2025\/10\/Ultrasound-Therapy-Machine.jpeg","datePublished":"2025-10-02T12:01:52+00:00","description":"Ultrasound Therapy Machine , from Egy Health Medical devices and supplies Real guarantee, discounts of up to 25% Call now 01013383669","breadcrumb":{"@id":"https:\/\/egyhealthmedical.com\/en\/product\/ultrasound-therapy-machine\/#breadcrumb"},"inLanguage":"en-US","potentialAction":[{"@type":"ReadAction","target":["https:\/\/egyhealthmedical.com\/en\/product\/ultrasound-therapy-machine\/"]}]},{"@type":"ImageObject","inLanguage":"en-US","@id":"https:\/\/egyhealthmedical.com\/en\/product\/ultrasound-therapy-machine\/#primaryimage","url":"https:\/\/egyhealthmedical.com\/wp-content\/uploads\/2025\/10\/Ultrasound-Therapy-Machine.jpeg","contentUrl":"https:\/\/egyhealthmedical.com\/wp-content\/uploads\/2025\/10\/Ultrasound-Therapy-Machine.jpeg","width":1600,"height":1600,"caption":"\u062c\u0647\u0627\u0632 \u0639\u0644\u0627\u062c \u0637\u0628\u064a\u0639\u0649 \u0628\u0627\u0644\u0645\u0648\u062c\u0627\u062a \u0641\u0648\u0642 \u0627\u0644\u0635\u0648\u062a\u064a\u0647 Ultrasound Therapy Machine , EGY HEALTH"},{"@type":"BreadcrumbList","@id":"https:\/\/egyhealthmedical.com\/en\/product\/ultrasound-therapy-machine\/#breadcrumb","itemListElement":[{"@type":"ListItem","position":1,"name":"Home","item":"https:\/\/egyhealthmedical.com\/en\/"},{"@type":"ListItem","position":2,"name":"\u0627\u0644\u0645\u062a\u062c\u0631","item":"https:\/\/egyhealthmedical.com\/store\/"},{"@type":"ListItem","position":3,"name":"Ultrasound Therapy Machine"}]},{"@type":"WebSite","@id":"https:\/\/egyhealthmedical.com\/#website","url":"https:\/\/egyhealthmedical.com\/","name":"EgyHealth for Medical Equipment","description":"Medical Equipments","publisher":{"@id":"https:\/\/egyhealthmedical.com\/#organization"},"potentialAction":[{"@type":"SearchAction","target":{"@type":"EntryPoint","urlTemplate":"https:\/\/egyhealthmedical.com\/?s={search_term_string}"},"query-input":{"@type":"PropertyValueSpecification","valueRequired":true,"valueName":"search_term_string"}}],"inLanguage":"en-US"},{"@type":"Organization","@id":"https:\/\/egyhealthmedical.com\/#organization","name":"\u0625\u064a\u062c\u064a \u0647\u064a\u0644\u062b","url":"https:\/\/egyhealthmedical.com\/","logo":{"@type":"ImageObject","inLanguage":"en-US","@id":"https:\/\/egyhealthmedical.com\/#\/schema\/logo\/image\/","url":"https:\/\/egyhealthmedical.com\/wp-content\/uploads\/2025\/05\/Asset-218lava-187x54-1.png","contentUrl":"https:\/\/egyhealthmedical.com\/wp-content\/uploads\/2025\/05\/Asset-218lava-187x54-1.png","width":187,"height":54,"caption":"\u0625\u064a\u062c\u064a \u0647\u064a\u0644\u062b"},"image":{"@id":"https:\/\/egyhealthmedical.com\/#\/schema\/logo\/image\/"}}]}},"_links":{"self":[{"href":"https:\/\/egyhealthmedical.com\/en\/wp-json\/wp\/v2\/product\/31096","targetHints":{"allow":["GET"]}}],"collection":[{"href":"https:\/\/egyhealthmedical.com\/en\/wp-json\/wp\/v2\/product"}],"about":[{"href":"https:\/\/egyhealthmedical.com\/en\/wp-json\/wp\/v2\/types\/product"}],"replies":[{"embeddable":true,"href":"https:\/\/egyhealthmedical.com\/en\/wp-json\/wp\/v2\/comments?post=31096"}],"wp:featuredmedia":[{"embeddable":true,"href":"https:\/\/egyhealthmedical.com\/en\/wp-json\/wp\/v2\/media\/31097"}],"wp:attachment":[{"href":"https:\/\/egyhealthmedical.com\/en\/wp-json\/wp\/v2\/media?parent=31096"}],"wp:term":[{"taxonomy":"product_brand","embeddable":true,"href":"https:\/\/egyhealthmedical.com\/en\/wp-json\/wp\/v2\/product_brand?post=31096"},{"taxonomy":"product_cat","embeddable":true,"href":"https:\/\/egyhealthmedical.com\/en\/wp-json\/wp\/v2\/product_cat?post=31096"},{"taxonomy":"product_tag","embeddable":true,"href":"https:\/\/egyhealthmedical.com\/en\/wp-json\/wp\/v2\/product_tag?post=31096"}],"curies":[{"name":"wp","href":"https:\/\/api.w.org\/{rel}","templated":true}]}}