{"id":30455,"date":"2022-04-08T11:50:47","date_gmt":"2022-04-23T10:55:51","guid":{"rendered":"https:\/\/egyhealthmedical.com?post_type=product&#038;p=30455"},"modified":"2025-06-28T20:21:34","modified_gmt":"2025-06-28T20:21:34","slug":"stair-climbing-wheelchair-2","status":"publish","type":"product","link":"https:\/\/egyhealthmedical.com\/en\/product\/stair-climbing-wheelchair-2\/","title":{"rendered":"stair climbing wheelchair"},"content":{"rendered":"<p style=\"direction: ltr;\"><strong>stair climbing wheelchair<\/strong><\/p>\n<p style=\"direction: ltr;\"><strong>Brand : DRAGON<\/strong><\/p>\n<p style=\"direction: ltr;\"><strong>Bearing weight:160kg<\/strong><\/p>\n<p style=\"direction: ltr;\"><strong>Product weight:27 kg<\/strong><\/p>\n<p style=\"direction: ltr;\"><strong>Seat dimensions: 50cm \u00d7 42cm<\/strong><\/p>\n<p style=\"direction: ltr;\"><strong>Warranty: one year<\/strong><\/p>\n<p style=\"direction: ltr;\"><strong>Dimensions of the chair<\/strong><\/p>\n<p style=\"direction: ltr;\"><strong>(Length \u00d7 width \u00d7 height)<\/strong><\/p>\n<p style=\"direction: ltr;\"><strong>80 ~ 110cm \u00d7 52cm \u00d7 110 ~ 160cm<\/strong><\/p>\n<p style=\"direction: ltr;\"><strong>Folded chair size:115cm \u00d7 52cm \u00d7 30cm<\/strong><\/p>\n<p style=\"direction: ltr;\"><strong>Frame material: aluminum<\/strong><\/p>\n<p style=\"direction: ltr;\"><strong>Origin :China<\/strong><\/p>\n<h6 style=\"direction: ltr;\"><span style=\"color: #0000ff;\"><strong>List of accessories<\/strong><\/span><\/h6>\n<p style=\"direction: ltr;\"><strong>&#8211; Electric wheelchair for climbing stairs (multifunctional)<\/strong><\/p>\n<p style=\"direction: ltr;\"><strong>&#8211; Safety belt number two<\/strong><\/p>\n<p style=\"direction: ltr;\"><strong>&#8211; Lithium battery<\/strong><\/p>\n<p style=\"direction: ltr;\"><strong>&#8211; Charger<\/strong><\/p>\n<p style=\"direction: ltr;\"><strong>&#8211; A key<\/strong><\/p>\n<p style=\"direction: ltr;\"><strong>&#8211; Anti-reflux foot strap<\/strong><\/p>\n<p style=\"direction: ltr;\"><strong>&#8211; User Manual (Pdf File)<\/strong><\/p>\n<h6 style=\"direction: ltr;\"><span style=\"color: #0000ff;\"><strong>Product specifications<\/strong><\/span><\/h6>\n<p style=\"direction: ltr;\"><strong>The wheelchair for climbing the stairs is powered by a lithium battery<\/strong><\/p>\n<p style=\"direction: ltr;\"><strong>It can be applied and placed in the car easily<\/strong><\/p>\n<p style=\"direction: ltr;\"><strong>Which helps people with limited mobility to safely and efficiently get on the ground and go up and down the ladder.<\/strong><\/p>\n<p style=\"direction: ltr;\"><strong>Easy to store<\/strong><\/p>\n<p style=\"direction: ltr;\"><strong>Used at home for the elderly and very safe in schools, hospitals, hotels, etc<\/strong><\/p>\n<p style=\"direction: ltr;\"><strong>Can be used for emergency evacuation<\/strong><\/p>\n<p style=\"direction: ltr;\"><a href=\"https:\/\/egyhealthmedical.comen\/product-category\/wheel-chair\/\"><span style=\"color: #993366;\"><strong>For more medical wheelchairs<\/strong><\/span><\/a><\/p>\n<h6 style=\"direction: ltr;\"><span style=\"color: #0000ff;\"><strong>Reasons for use<\/strong><\/span><\/h6>\n<p style=\"direction: ltr;\"><strong>To accommodate individuals with back, hip or knee pain<\/strong><\/p>\n<p style=\"direction: ltr;\"><strong>It is suitable for people of all ages suffering from obesity, spinal cord injuries, cerebral palsy, lower limb injuries and other musculoskeletal disorders.<\/strong><\/p>\n<p style=\"direction: ltr;\"><strong>Suitable for people in rehabilitation after stroke or chemotherapy \u060c<\/strong><\/p>\n<p style=\"direction: ltr;\"><strong>Patients suffering from diabetes or cancer<\/strong><\/p>\n<p style=\"direction: ltr;\"><strong>People with complex hip prostheses<\/strong><\/p>\n<p style=\"direction: ltr;\"><strong>As well as the elderly<\/strong><\/p>\n<h6 style=\"direction: ltr;\"><span style=\"color: #0000ff;\"><strong>Safety<\/strong><\/span><\/h6>\n<p style=\"direction: ltr;\"><strong>While the track drive mode is suitable for climbing stairs and maneuvering many other obstacles.<\/strong><\/p>\n<p style=\"direction: ltr;\"><strong>It provides excellent adhesion to the stairs, even if they have rounded edges or are damaged accordingly<\/strong><\/p>\n<p style=\"direction: ltr;\"><strong>The wheelchair cannot fall down the stairs, which ensures the safety of the user<\/strong><\/p>\n<h6 style=\"direction: ltr;\"><span style=\"color: #0000ff;\"><strong>Product features<\/strong><\/span><\/h6>\n<p style=\"direction: ltr;\"><strong>We offer you a stair lift, which is a great solution for the elderly and people with special needs who need assistance in moving on the stairs.<\/strong><\/p>\n<p style=\"direction: ltr;\"><strong>Allows users to bend comfortably<\/strong><\/p>\n<p style=\"direction: ltr;\"><strong>And the folding footrest<\/strong><\/p>\n<p style=\"direction: ltr;\"><strong>Enjoy the freedom to climb and descend stairs easily with the stair lift<\/strong><\/p>\n<p style=\"direction: ltr;\"><strong>This fully mobile, battery-powered equipment provides a unique seat design<\/strong><\/p>\n<p style=\"direction: ltr;\"><strong> cheapest price from Egy Health Medical devices <\/strong><\/p>\n<p style=\"direction: ltr;\"><strong>Real guarantee, <\/strong><\/p>\n<p style=\"direction: ltr;\"><strong>discount of up to 25% <\/strong><\/p>\n<p style=\"direction: ltr;\"><strong>Call now 01013383669<\/strong>\u200b\u200b<\/p>\n","protected":false},"excerpt":{"rendered":"<p>stair climbing wheelchair Brand : DRAGON Bearing weight:160kg Product weight:27 kg Seat dimensions: 50cm \u00d7 42cm Warranty: one year Dimensions of the chair (Length \u00d7 width \u00d7 height) 80 ~ 110cm \u00d7 52cm \u00d7 110 ~ 160cm Folded chair size:115cm \u00d7 52cm \u00d7 30cm Frame material: aluminum Origin :China List of accessories &#8211; Electric wheelchair for climbing stairs (multifunctional) &#8211; Safety belt number two &#8211; Lithium battery &#8211; Charger &#8211; A key &#8211; Anti-reflux foot strap &#8211; User Manual (Pdf File) Product specifications The wheelchair for climbing the stairs is powered by a lithium battery It can be applied and placed in the car easily Which helps people with limited mobility to safely and efficiently get on the ground and go up and down the ladder. Easy to store Used at home for the elderly and very safe in schools, hospitals, hotels, etc Can be used for emergency evacuation For more medical wheelchairs Reasons for use To accommodate individuals with back, hip or knee pain It is suitable for people of all ages suffering from obesity, spinal cord injuries, cerebral palsy, lower limb injuries and other musculoskeletal disorders. Suitable for people in rehabilitation after stroke or chemotherapy \u060c Patients suffering from diabetes or cancer People with complex hip prostheses As well as the elderly Safety While the track drive mode is suitable for climbing stairs and maneuvering many other obstacles. It provides excellent adhesion to the stairs, even if they have rounded edges or are damaged accordingly The wheelchair cannot fall down the stairs, which ensures the safety of the user Product features We offer you a stair lift, which is a great solution for the elderly and people with special needs who need assistance in moving on the stairs. Allows users to bend comfortably And the folding footrest Enjoy the freedom to climb and descend stairs easily with the stair lift This fully mobile, battery-powered equipment provides a unique seat design cheapest price from Egy Health Medical devices Real guarantee, discount of up to 25% Call now 01013383669\u200b\u200b<\/p>\n","protected":false},"featured_media":12685,"comment_status":"closed","ping_status":"closed","template":"","meta":[],"product_brand":[],"product_cat":[187],"product_tag":[],"class_list":{"0":"post-30455","1":"product","2":"type-product","3":"status-publish","4":"has-post-thumbnail","6":"product_cat-wheel-chair","8":"first","9":"instock","10":"sale","11":"shipping-taxable","12":"purchasable","13":"product-type-simple"},"yoast_head":"<!-- This site is optimized with the Yoast SEO plugin v27.3 - https:\/\/yoast.com\/product\/yoast-seo-wordpress\/ -->\n<title>-<\/title>\n<meta name=\"robots\" content=\"index, follow, max-snippet:-1, max-image-preview:large, max-video-preview:-1\" \/>\n<link rel=\"canonical\" href=\"https:\/\/egyhealthmedical.com\/en\/product\/stair-climbing-wheelchair-2\/\" \/>\n<meta property=\"og:locale\" content=\"en_US\" \/>\n<meta property=\"og:type\" content=\"article\" \/>\n<meta property=\"og:title\" content=\"-\" \/>\n<meta property=\"og:description\" content=\"stair climbing wheelchair Brand : DRAGON Bearing weight:160kg Product weight:27 kg Seat dimensions: 50cm \u00d7 42cm Warranty: one year Dimensions of the chair (Length \u00d7 width \u00d7 height) 80 ~ 110cm \u00d7 52cm \u00d7 110 ~ 160cm Folded chair size:115cm \u00d7 52cm \u00d7 30cm Frame material: aluminum Origin :China List of accessories &#8211; Electric wheelchair for climbing stairs (multifunctional) &#8211; Safety belt number two &#8211; Lithium battery &#8211; Charger &#8211; A key &#8211; Anti-reflux foot strap &#8211; User Manual (Pdf File) Product specifications The wheelchair for climbing the stairs is powered by a lithium battery It can be applied and placed in the car easily Which helps people with limited mobility to safely and efficiently get on the ground and go up and down the ladder. Easy to store Used at home for the elderly and very safe in schools, hospitals, hotels, etc Can be used for emergency evacuation For more medical wheelchairs Reasons for use To accommodate individuals with back, hip or knee pain It is suitable for people of all ages suffering from obesity, spinal cord injuries, cerebral palsy, lower limb injuries and other musculoskeletal disorders. Suitable for people in rehabilitation after stroke or chemotherapy \u060c Patients suffering from diabetes or cancer People with complex hip prostheses As well as the elderly Safety While the track drive mode is suitable for climbing stairs and maneuvering many other obstacles. It provides excellent adhesion to the stairs, even if they have rounded edges or are damaged accordingly The wheelchair cannot fall down the stairs, which ensures the safety of the user Product features We offer you a stair lift, which is a great solution for the elderly and people with special needs who need assistance in moving on the stairs. Allows users to bend comfortably And the folding footrest Enjoy the freedom to climb and descend stairs easily with the stair lift This fully mobile, battery-powered equipment provides a unique seat design cheapest price from Egy Health Medical devices Real guarantee, discount of up to 25% Call now 01013383669\u200b\u200b\" \/>\n<meta property=\"og:url\" content=\"https:\/\/egyhealthmedical.com\/en\/product\/stair-climbing-wheelchair-2\/\" \/>\n<meta property=\"og:site_name\" content=\"EgyHealth for Medical Equipment\" \/>\n<meta property=\"article:modified_time\" content=\"2025-06-28T20:21:34+00:00\" \/>\n<meta property=\"og:image\" content=\"https:\/\/egyhealthmedical.com\/wp-content\/uploads\/2022\/04\/\u0635\u0639\u0648\u062f-\u0627\u0644\u0633\u0644\u0645-1.png\" \/>\n\t<meta property=\"og:image:width\" content=\"600\" \/>\n\t<meta property=\"og:image:height\" content=\"600\" \/>\n\t<meta property=\"og:image:type\" content=\"image\/png\" \/>\n<meta name=\"twitter:card\" content=\"summary_large_image\" \/>\n<script type=\"application\/ld+json\" class=\"yoast-schema-graph\">{\"@context\":\"https:\\\/\\\/schema.org\",\"@graph\":[{\"@type\":\"WebPage\",\"@id\":\"https:\\\/\\\/egyhealthmedical.com\\\/en\\\/product\\\/stair-climbing-wheelchair-2\\\/\",\"url\":\"https:\\\/\\\/egyhealthmedical.com\\\/en\\\/product\\\/stair-climbing-wheelchair-2\\\/\",\"name\":\"-\",\"isPartOf\":{\"@id\":\"https:\\\/\\\/egyhealthmedical.com\\\/#website\"},\"primaryImageOfPage\":{\"@id\":\"https:\\\/\\\/egyhealthmedical.com\\\/en\\\/product\\\/stair-climbing-wheelchair-2\\\/#primaryimage\"},\"image\":{\"@id\":\"https:\\\/\\\/egyhealthmedical.com\\\/en\\\/product\\\/stair-climbing-wheelchair-2\\\/#primaryimage\"},\"thumbnailUrl\":\"https:\\\/\\\/egyhealthmedical.com\\\/wp-content\\\/uploads\\\/2022\\\/04\\\/\u0635\u0639\u0648\u062f-\u0627\u0644\u0633\u0644\u0645-1.png\",\"datePublished\":\"2022-04-23T10:55:51+00:00\",\"dateModified\":\"2025-06-28T20:21:34+00:00\",\"breadcrumb\":{\"@id\":\"https:\\\/\\\/egyhealthmedical.com\\\/en\\\/product\\\/stair-climbing-wheelchair-2\\\/#breadcrumb\"},\"inLanguage\":\"en-US\",\"potentialAction\":[{\"@type\":\"ReadAction\",\"target\":[\"https:\\\/\\\/egyhealthmedical.com\\\/en\\\/product\\\/stair-climbing-wheelchair-2\\\/\"]}]},{\"@type\":\"ImageObject\",\"inLanguage\":\"en-US\",\"@id\":\"https:\\\/\\\/egyhealthmedical.com\\\/en\\\/product\\\/stair-climbing-wheelchair-2\\\/#primaryimage\",\"url\":\"https:\\\/\\\/egyhealthmedical.com\\\/wp-content\\\/uploads\\\/2022\\\/04\\\/\u0635\u0639\u0648\u062f-\u0627\u0644\u0633\u0644\u0645-1.png\",\"contentUrl\":\"https:\\\/\\\/egyhealthmedical.com\\\/wp-content\\\/uploads\\\/2022\\\/04\\\/\u0635\u0639\u0648\u062f-\u0627\u0644\u0633\u0644\u0645-1.png\",\"width\":600,\"height\":600,\"caption\":\"Stair climbing chair \u0643\u0631\u0633\u064a \u0635\u0639\u0648\u062f \u0627\u0644\u062f\u0631\u062c , Egy Health\"},{\"@type\":\"BreadcrumbList\",\"@id\":\"https:\\\/\\\/egyhealthmedical.com\\\/en\\\/product\\\/stair-climbing-wheelchair-2\\\/#breadcrumb\",\"itemListElement\":[{\"@type\":\"ListItem\",\"position\":1,\"name\":\"Home\",\"item\":\"https:\\\/\\\/egyhealthmedical.com\\\/en\\\/\"},{\"@type\":\"ListItem\",\"position\":2,\"name\":\"\u0627\u0644\u0645\u062a\u062c\u0631\",\"item\":\"https:\\\/\\\/egyhealthmedical.com\\\/store\\\/\"},{\"@type\":\"ListItem\",\"position\":3,\"name\":\"stair climbing wheelchair\"}]},{\"@type\":\"WebSite\",\"@id\":\"https:\\\/\\\/egyhealthmedical.com\\\/#website\",\"url\":\"https:\\\/\\\/egyhealthmedical.com\\\/\",\"name\":\"EgyHealth for Medical Equipment\",\"description\":\"Medical Equipments\",\"publisher\":{\"@id\":\"https:\\\/\\\/egyhealthmedical.com\\\/#organization\"},\"potentialAction\":[{\"@type\":\"SearchAction\",\"target\":{\"@type\":\"EntryPoint\",\"urlTemplate\":\"https:\\\/\\\/egyhealthmedical.com\\\/?s={search_term_string}\"},\"query-input\":{\"@type\":\"PropertyValueSpecification\",\"valueRequired\":true,\"valueName\":\"search_term_string\"}}],\"inLanguage\":\"en-US\"},{\"@type\":\"Organization\",\"@id\":\"https:\\\/\\\/egyhealthmedical.com\\\/#organization\",\"name\":\"\u0625\u064a\u062c\u064a \u0647\u064a\u0644\u062b\",\"url\":\"https:\\\/\\\/egyhealthmedical.com\\\/\",\"logo\":{\"@type\":\"ImageObject\",\"inLanguage\":\"en-US\",\"@id\":\"https:\\\/\\\/egyhealthmedical.com\\\/#\\\/schema\\\/logo\\\/image\\\/\",\"url\":\"https:\\\/\\\/egyhealthmedical.com\\\/wp-content\\\/uploads\\\/2025\\\/05\\\/Asset-218lava-187x54-1.png\",\"contentUrl\":\"https:\\\/\\\/egyhealthmedical.com\\\/wp-content\\\/uploads\\\/2025\\\/05\\\/Asset-218lava-187x54-1.png\",\"width\":187,\"height\":54,\"caption\":\"\u0625\u064a\u062c\u064a \u0647\u064a\u0644\u062b\"},\"image\":{\"@id\":\"https:\\\/\\\/egyhealthmedical.com\\\/#\\\/schema\\\/logo\\\/image\\\/\"}}]}<\/script>\n<!-- \/ Yoast SEO plugin. -->","yoast_head_json":{"title":"-","robots":{"index":"index","follow":"follow","max-snippet":"max-snippet:-1","max-image-preview":"max-image-preview:large","max-video-preview":"max-video-preview:-1"},"canonical":"https:\/\/egyhealthmedical.com\/en\/product\/stair-climbing-wheelchair-2\/","og_locale":"en_US","og_type":"article","og_title":"-","og_description":"stair climbing wheelchair Brand : DRAGON Bearing weight:160kg Product weight:27 kg Seat dimensions: 50cm \u00d7 42cm Warranty: one year Dimensions of the chair (Length \u00d7 width \u00d7 height) 80 ~ 110cm \u00d7 52cm \u00d7 110 ~ 160cm Folded chair size:115cm \u00d7 52cm \u00d7 30cm Frame material: aluminum Origin :China List of accessories &#8211; Electric wheelchair for climbing stairs (multifunctional) &#8211; Safety belt number two &#8211; Lithium battery &#8211; Charger &#8211; A key &#8211; Anti-reflux foot strap &#8211; User Manual (Pdf File) Product specifications The wheelchair for climbing the stairs is powered by a lithium battery It can be applied and placed in the car easily Which helps people with limited mobility to safely and efficiently get on the ground and go up and down the ladder. Easy to store Used at home for the elderly and very safe in schools, hospitals, hotels, etc Can be used for emergency evacuation For more medical wheelchairs Reasons for use To accommodate individuals with back, hip or knee pain It is suitable for people of all ages suffering from obesity, spinal cord injuries, cerebral palsy, lower limb injuries and other musculoskeletal disorders. Suitable for people in rehabilitation after stroke or chemotherapy \u060c Patients suffering from diabetes or cancer People with complex hip prostheses As well as the elderly Safety While the track drive mode is suitable for climbing stairs and maneuvering many other obstacles. It provides excellent adhesion to the stairs, even if they have rounded edges or are damaged accordingly The wheelchair cannot fall down the stairs, which ensures the safety of the user Product features We offer you a stair lift, which is a great solution for the elderly and people with special needs who need assistance in moving on the stairs. Allows users to bend comfortably And the folding footrest Enjoy the freedom to climb and descend stairs easily with the stair lift This fully mobile, battery-powered equipment provides a unique seat design cheapest price from Egy Health Medical devices Real guarantee, discount of up to 25% Call now 01013383669\u200b\u200b","og_url":"https:\/\/egyhealthmedical.com\/en\/product\/stair-climbing-wheelchair-2\/","og_site_name":"EgyHealth for Medical Equipment","article_modified_time":"2025-06-28T20:21:34+00:00","og_image":[{"width":600,"height":600,"url":"https:\/\/egyhealthmedical.com\/wp-content\/uploads\/2022\/04\/\u0635\u0639\u0648\u062f-\u0627\u0644\u0633\u0644\u0645-1.png","type":"image\/png"}],"twitter_card":"summary_large_image","schema":{"@context":"https:\/\/schema.org","@graph":[{"@type":"WebPage","@id":"https:\/\/egyhealthmedical.com\/en\/product\/stair-climbing-wheelchair-2\/","url":"https:\/\/egyhealthmedical.com\/en\/product\/stair-climbing-wheelchair-2\/","name":"-","isPartOf":{"@id":"https:\/\/egyhealthmedical.com\/#website"},"primaryImageOfPage":{"@id":"https:\/\/egyhealthmedical.com\/en\/product\/stair-climbing-wheelchair-2\/#primaryimage"},"image":{"@id":"https:\/\/egyhealthmedical.com\/en\/product\/stair-climbing-wheelchair-2\/#primaryimage"},"thumbnailUrl":"https:\/\/egyhealthmedical.com\/wp-content\/uploads\/2022\/04\/\u0635\u0639\u0648\u062f-\u0627\u0644\u0633\u0644\u0645-1.png","datePublished":"2022-04-23T10:55:51+00:00","dateModified":"2025-06-28T20:21:34+00:00","breadcrumb":{"@id":"https:\/\/egyhealthmedical.com\/en\/product\/stair-climbing-wheelchair-2\/#breadcrumb"},"inLanguage":"en-US","potentialAction":[{"@type":"ReadAction","target":["https:\/\/egyhealthmedical.com\/en\/product\/stair-climbing-wheelchair-2\/"]}]},{"@type":"ImageObject","inLanguage":"en-US","@id":"https:\/\/egyhealthmedical.com\/en\/product\/stair-climbing-wheelchair-2\/#primaryimage","url":"https:\/\/egyhealthmedical.com\/wp-content\/uploads\/2022\/04\/\u0635\u0639\u0648\u062f-\u0627\u0644\u0633\u0644\u0645-1.png","contentUrl":"https:\/\/egyhealthmedical.com\/wp-content\/uploads\/2022\/04\/\u0635\u0639\u0648\u062f-\u0627\u0644\u0633\u0644\u0645-1.png","width":600,"height":600,"caption":"Stair climbing chair \u0643\u0631\u0633\u064a \u0635\u0639\u0648\u062f \u0627\u0644\u062f\u0631\u062c , Egy Health"},{"@type":"BreadcrumbList","@id":"https:\/\/egyhealthmedical.com\/en\/product\/stair-climbing-wheelchair-2\/#breadcrumb","itemListElement":[{"@type":"ListItem","position":1,"name":"Home","item":"https:\/\/egyhealthmedical.com\/en\/"},{"@type":"ListItem","position":2,"name":"\u0627\u0644\u0645\u062a\u062c\u0631","item":"https:\/\/egyhealthmedical.com\/store\/"},{"@type":"ListItem","position":3,"name":"stair climbing wheelchair"}]},{"@type":"WebSite","@id":"https:\/\/egyhealthmedical.com\/#website","url":"https:\/\/egyhealthmedical.com\/","name":"EgyHealth for Medical Equipment","description":"Medical Equipments","publisher":{"@id":"https:\/\/egyhealthmedical.com\/#organization"},"potentialAction":[{"@type":"SearchAction","target":{"@type":"EntryPoint","urlTemplate":"https:\/\/egyhealthmedical.com\/?s={search_term_string}"},"query-input":{"@type":"PropertyValueSpecification","valueRequired":true,"valueName":"search_term_string"}}],"inLanguage":"en-US"},{"@type":"Organization","@id":"https:\/\/egyhealthmedical.com\/#organization","name":"\u0625\u064a\u062c\u064a \u0647\u064a\u0644\u062b","url":"https:\/\/egyhealthmedical.com\/","logo":{"@type":"ImageObject","inLanguage":"en-US","@id":"https:\/\/egyhealthmedical.com\/#\/schema\/logo\/image\/","url":"https:\/\/egyhealthmedical.com\/wp-content\/uploads\/2025\/05\/Asset-218lava-187x54-1.png","contentUrl":"https:\/\/egyhealthmedical.com\/wp-content\/uploads\/2025\/05\/Asset-218lava-187x54-1.png","width":187,"height":54,"caption":"\u0625\u064a\u062c\u064a \u0647\u064a\u0644\u062b"},"image":{"@id":"https:\/\/egyhealthmedical.com\/#\/schema\/logo\/image\/"}}]}},"_links":{"self":[{"href":"https:\/\/egyhealthmedical.com\/en\/wp-json\/wp\/v2\/product\/30455","targetHints":{"allow":["GET"]}}],"collection":[{"href":"https:\/\/egyhealthmedical.com\/en\/wp-json\/wp\/v2\/product"}],"about":[{"href":"https:\/\/egyhealthmedical.com\/en\/wp-json\/wp\/v2\/types\/product"}],"replies":[{"embeddable":true,"href":"https:\/\/egyhealthmedical.com\/en\/wp-json\/wp\/v2\/comments?post=30455"}],"wp:featuredmedia":[{"embeddable":true,"href":"https:\/\/egyhealthmedical.com\/en\/wp-json\/wp\/v2\/media\/12685"}],"wp:attachment":[{"href":"https:\/\/egyhealthmedical.com\/en\/wp-json\/wp\/v2\/media?parent=30455"}],"wp:term":[{"taxonomy":"product_brand","embeddable":true,"href":"https:\/\/egyhealthmedical.com\/en\/wp-json\/wp\/v2\/product_brand?post=30455"},{"taxonomy":"product_cat","embeddable":true,"href":"https:\/\/egyhealthmedical.com\/en\/wp-json\/wp\/v2\/product_cat?post=30455"},{"taxonomy":"product_tag","embeddable":true,"href":"https:\/\/egyhealthmedical.com\/en\/wp-json\/wp\/v2\/product_tag?post=30455"}],"curies":[{"name":"wp","href":"https:\/\/api.w.org\/{rel}","templated":true}]}}