{"id":29288,"date":"2025-01-28T17:19:06","date_gmt":"2025-01-28T17:19:06","guid":{"rendered":"https:\/\/egyhealthmedical.com?post_type=product&#038;p=29288"},"modified":"2025-06-22T17:37:07","modified_gmt":"2025-06-22T17:37:07","slug":"electric-wheelchair-foldable","status":"publish","type":"product","link":"https:\/\/egyhealthmedical.com\/en\/product\/electric-wheelchair-foldable\/","title":{"rendered":"Electric Wheelchair Foldable"},"content":{"rendered":"<p><strong>Electric Wheelchair Foldable<\/strong><\/p>\n<p><strong>Brand: power<\/strong><\/p>\n<p><strong>Origin: China<\/strong><\/p>\n<p><strong>Warranty: one year<\/strong><\/p>\n<p><strong>The chair features: foldable and storeable<\/strong><\/p>\n<p><strong>Chair back: can be raised or lowered<\/strong><\/p>\n<p>&nbsp;<\/p>\n<h6><span style=\"color: #0000ff;\"><strong>The Weight<\/strong><\/span><\/h6>\n<p><strong>Chair weight: 26 kg<\/strong><\/p>\n<p><strong>Load capacity: 130 kg<\/strong><\/p>\n<p>&nbsp;<\/p>\n<h6><span style=\"color: #0000ff;\"><strong>Chair Dimensions<\/strong><\/span><\/h6>\n<p><strong>Overall product size (unfolded): 96 \u00d7 56 \u00d7 94 cm<\/strong><\/p>\n<p><strong>Total length: 56 cm<\/strong><\/p>\n<p><strong>Total width: 46 cm<\/strong><\/p>\n<p><strong>Seat width: 40 cm<\/strong><\/p>\n<p>&nbsp;<\/p>\n<h6><span style=\"color: #0000ff;\">Performance &amp; Power<\/span><\/h6>\n<p><strong>Motor: 24V \/ 250W \u00d7 2 (500W total)<\/strong><\/p>\n<p><strong>Maximum speed: 6 km\/h (adjustable)<\/strong><\/p>\n<p><strong>Climbing ability: \u226513 degrees<\/strong><\/p>\n<p><strong>Turning radius: 60 cm<\/strong><\/p>\n<p><strong>Range per charge: \u226513 km<\/strong><\/p>\n<p>&nbsp;<\/p>\n<h6><span style=\"color: #0000ff;\"><strong>Battery &amp; Charging<\/strong><\/span><\/h6>\n<p><strong>Battery: Lithium 24V \/ 12Ah<\/strong><\/p>\n<p><strong>Charger: AC 100-240V 50\/60Hz, output: 24V &#8211; 2A<\/strong><\/p>\n<p>&nbsp;<\/p>\n<h6><span style=\"color: #0000ff;\"><strong>Wheels &amp; Brakes<\/strong><\/span><\/h6>\n<p><strong>Front wheels: 20 cm \u00d7 5 cm<\/strong><\/p>\n<p><strong>Rear wheels: 30 cm \u00d7 5 cm<\/strong><\/p>\n<p><strong>Anti-tip wheels: 75 mm \u00d7 20 mm<\/strong><\/p>\n<p><strong>Braking system: Smart electromagnetic brake or electronic brake<\/strong><\/p>\n<p>&nbsp;<\/p>\n<h6><span style=\"color: #0000ff;\"><strong>Additional Features<\/strong><\/span><\/h6>\n<p><span style=\"color: #00ccff;\"><strong>Ease of Use<\/strong><\/span><\/p>\n<p><strong>Use the joystick to move forward, backward, and sideways<\/strong><\/p>\n<p><strong>Adjustable speed control<\/strong><\/p>\n<p>&nbsp;<\/p>\n<p><span style=\"color: #00ccff;\"><strong>Safety<\/strong><\/span><\/p>\n<p><strong>Equipped with safety belts and strong brakes<\/strong><\/p>\n<p><strong>Handles obstacles and flat slopes<\/strong><\/p>\n<p>&nbsp;<\/p>\n<h6><span style=\"color: #0000ff;\"><strong>Care and Maintenance<\/strong><\/span><\/h6>\n<p><strong>To prolong service life, fully charge the battery once a month.<\/strong><\/p>\n<p><strong>Use a soft cloth to clean the wheelchair and avoid strong detergents.<\/strong><\/p>\n<p><strong>Regularly check all nuts and bolts to avoid malfunctions.<\/strong><\/p>\n<p><strong>Do not dismantle any part of the wheelchair without consulting the manufacturer or dealer.<\/strong><\/p>\n<p>&nbsp;<\/p>\n<h6><span style=\"color: #0000ff;\"><strong>Safety Precautions<\/strong><\/span><\/h6>\n<p><strong>Do not use the wheelchair on uneven or steep roads.<\/strong><\/p>\n<p><strong>Do not stand on the footrest while in use.<\/strong><\/p>\n<p>&nbsp;<\/p>\n<p><strong>This wheelchair is designed to provide maximum comfort and safety for users, with high performance and long-distance driving capabilities.<\/strong><\/p>\n<p>&nbsp;<\/p>\n<p><a href=\"https:\/\/egyhealthmedical.comen\/product-category\/wheel-chair\/\"><span style=\"color: #993366;\"><strong>For more wheelchair products<\/strong><\/span><\/a><\/p>\n<p>&nbsp;<\/p>\n<p><strong>Cheapest price and best quality from Egy Health Medical devices<\/strong><\/p>\n<p><strong> Real guarantee\u00a0<\/strong><\/p>\n<p><strong>\u00a0Discounts of up to 25% <\/strong><\/p>\n<p><strong>Call Now 01013383669<\/strong>\u200b<\/p>\n","protected":false},"excerpt":{"rendered":"<p>Electric Wheelchair Foldable Brand: power Origin: China Warranty: one year The chair features: foldable and storeable Chair back: can be raised or lowered &nbsp; The Weight Chair weight: 26 kg Load capacity: 130 kg &nbsp; Chair Dimensions Overall product size (unfolded): 96 \u00d7 56 \u00d7 94 cm Total length: 56 cm Total width: 46 cm Seat width: 40 cm &nbsp; Performance &amp; Power Motor: 24V \/ 250W \u00d7 2 (500W total) Maximum speed: 6 km\/h (adjustable) Climbing ability: \u226513 degrees Turning radius: 60 cm Range per charge: \u226513 km &nbsp; Battery &amp; Charging Battery: Lithium 24V \/ 12Ah Charger: AC 100-240V 50\/60Hz, output: 24V &#8211; 2A &nbsp; Wheels &amp; Brakes Front wheels: 20 cm \u00d7 5 cm Rear wheels: 30 cm \u00d7 5 cm Anti-tip wheels: 75 mm \u00d7 20 mm Braking system: Smart electromagnetic brake or electronic brake &nbsp; Additional Features Ease of Use Use the joystick to move forward, backward, and sideways Adjustable speed control &nbsp; Safety Equipped with safety belts and strong brakes Handles obstacles and flat slopes &nbsp; Care and Maintenance To prolong service life, fully charge the battery once a month. Use a soft cloth to clean the wheelchair and avoid strong detergents. Regularly check all nuts and bolts to avoid malfunctions. Do not dismantle any part of the wheelchair without consulting the manufacturer or dealer. &nbsp; Safety Precautions Do not use the wheelchair on uneven or steep roads. Do not stand on the footrest while in use. &nbsp; This wheelchair is designed to provide maximum comfort and safety for users, with high performance and long-distance driving capabilities. &nbsp; For more wheelchair products &nbsp; Cheapest price and best quality from Egy Health Medical devices Real guarantee\u00a0 \u00a0Discounts of up to 25% Call Now 01013383669\u200b<\/p>\n","protected":false},"featured_media":29289,"comment_status":"open","ping_status":"closed","template":"","meta":[],"product_brand":[],"product_cat":[187],"product_tag":[],"class_list":{"0":"post-29288","1":"product","2":"type-product","3":"status-publish","4":"has-post-thumbnail","6":"product_cat-wheel-chair","8":"first","9":"instock","10":"sale","11":"shipping-taxable","12":"purchasable","13":"product-type-simple"},"yoast_head":"<!-- This site is optimized with the Yoast SEO plugin v27.3 - https:\/\/yoast.com\/product\/yoast-seo-wordpress\/ -->\n<title>Electric Wheelchair Foldable | cheapest price | Egy Health<\/title>\n<meta name=\"description\" content=\"Electric Wheelchair Foldable , from Egy Health medical supplies , Real guarantee , Discounts of up to 25% Call now 01013383669\" \/>\n<meta name=\"robots\" content=\"index, follow, max-snippet:-1, max-image-preview:large, max-video-preview:-1\" \/>\n<link rel=\"canonical\" href=\"https:\/\/egyhealthmedical.com\/en\/product\/electric-wheelchair-foldable\/\" \/>\n<meta property=\"og:locale\" content=\"en_US\" \/>\n<meta property=\"og:type\" content=\"article\" \/>\n<meta property=\"og:title\" content=\"Electric Wheelchair Foldable | cheapest price | Egy Health\" \/>\n<meta property=\"og:description\" content=\"Electric Wheelchair Foldable , from Egy Health medical supplies , Real guarantee , Discounts of up to 25% Call now 01013383669\" \/>\n<meta property=\"og:url\" content=\"https:\/\/egyhealthmedical.com\/en\/product\/electric-wheelchair-foldable\/\" \/>\n<meta property=\"og:site_name\" content=\"EgyHealth for Medical Equipment\" \/>\n<meta property=\"article:modified_time\" content=\"2025-06-22T17:37:07+00:00\" \/>\n<meta property=\"og:image\" content=\"https:\/\/egyhealthmedical.com\/wp-content\/uploads\/2025\/01\/Electric-Wheelchair-Foldable.png\" \/>\n\t<meta property=\"og:image:width\" content=\"2000\" \/>\n\t<meta property=\"og:image:height\" content=\"2000\" \/>\n\t<meta property=\"og:image:type\" content=\"image\/png\" \/>\n<meta name=\"twitter:card\" content=\"summary_large_image\" \/>\n<script type=\"application\/ld+json\" class=\"yoast-schema-graph\">{\"@context\":\"https:\\\/\\\/schema.org\",\"@graph\":[{\"@type\":\"WebPage\",\"@id\":\"https:\\\/\\\/egyhealthmedical.com\\\/en\\\/product\\\/electric-wheelchair-foldable\\\/\",\"url\":\"https:\\\/\\\/egyhealthmedical.com\\\/en\\\/product\\\/electric-wheelchair-foldable\\\/\",\"name\":\"Electric Wheelchair Foldable | cheapest price | Egy Health\",\"isPartOf\":{\"@id\":\"https:\\\/\\\/egyhealthmedical.com\\\/#website\"},\"primaryImageOfPage\":{\"@id\":\"https:\\\/\\\/egyhealthmedical.com\\\/en\\\/product\\\/electric-wheelchair-foldable\\\/#primaryimage\"},\"image\":{\"@id\":\"https:\\\/\\\/egyhealthmedical.com\\\/en\\\/product\\\/electric-wheelchair-foldable\\\/#primaryimage\"},\"thumbnailUrl\":\"https:\\\/\\\/egyhealthmedical.com\\\/wp-content\\\/uploads\\\/2025\\\/01\\\/Electric-Wheelchair-Foldable.png\",\"datePublished\":\"2025-01-28T17:19:06+00:00\",\"dateModified\":\"2025-06-22T17:37:07+00:00\",\"description\":\"Electric Wheelchair Foldable , from Egy Health medical supplies , Real guarantee , Discounts of up to 25% Call now 01013383669\",\"breadcrumb\":{\"@id\":\"https:\\\/\\\/egyhealthmedical.com\\\/en\\\/product\\\/electric-wheelchair-foldable\\\/#breadcrumb\"},\"inLanguage\":\"en-US\",\"potentialAction\":[{\"@type\":\"ReadAction\",\"target\":[\"https:\\\/\\\/egyhealthmedical.com\\\/en\\\/product\\\/electric-wheelchair-foldable\\\/\"]}]},{\"@type\":\"ImageObject\",\"inLanguage\":\"en-US\",\"@id\":\"https:\\\/\\\/egyhealthmedical.com\\\/en\\\/product\\\/electric-wheelchair-foldable\\\/#primaryimage\",\"url\":\"https:\\\/\\\/egyhealthmedical.com\\\/wp-content\\\/uploads\\\/2025\\\/01\\\/Electric-Wheelchair-Foldable.png\",\"contentUrl\":\"https:\\\/\\\/egyhealthmedical.com\\\/wp-content\\\/uploads\\\/2025\\\/01\\\/Electric-Wheelchair-Foldable.png\",\"width\":2000,\"height\":2000,\"caption\":\"\u0643\u0631\u0633\u064a \u0645\u062a\u062d\u0631\u0643 \u0643\u0647\u0631\u0628\u0627\u0626\u0649 \u0642\u0627\u0628\u0644 \u0644\u0644\u0637\u0649 Electric Wheelchair Foldable , EGY HEALTH\"},{\"@type\":\"BreadcrumbList\",\"@id\":\"https:\\\/\\\/egyhealthmedical.com\\\/en\\\/product\\\/electric-wheelchair-foldable\\\/#breadcrumb\",\"itemListElement\":[{\"@type\":\"ListItem\",\"position\":1,\"name\":\"Home\",\"item\":\"https:\\\/\\\/egyhealthmedical.com\\\/en\\\/\"},{\"@type\":\"ListItem\",\"position\":2,\"name\":\"\u0627\u0644\u0645\u062a\u062c\u0631\",\"item\":\"https:\\\/\\\/egyhealthmedical.com\\\/store\\\/\"},{\"@type\":\"ListItem\",\"position\":3,\"name\":\"Electric Wheelchair Foldable\"}]},{\"@type\":\"WebSite\",\"@id\":\"https:\\\/\\\/egyhealthmedical.com\\\/#website\",\"url\":\"https:\\\/\\\/egyhealthmedical.com\\\/\",\"name\":\"EgyHealth for Medical Equipment\",\"description\":\"Medical Equipments\",\"publisher\":{\"@id\":\"https:\\\/\\\/egyhealthmedical.com\\\/#organization\"},\"potentialAction\":[{\"@type\":\"SearchAction\",\"target\":{\"@type\":\"EntryPoint\",\"urlTemplate\":\"https:\\\/\\\/egyhealthmedical.com\\\/?s={search_term_string}\"},\"query-input\":{\"@type\":\"PropertyValueSpecification\",\"valueRequired\":true,\"valueName\":\"search_term_string\"}}],\"inLanguage\":\"en-US\"},{\"@type\":\"Organization\",\"@id\":\"https:\\\/\\\/egyhealthmedical.com\\\/#organization\",\"name\":\"\u0625\u064a\u062c\u064a \u0647\u064a\u0644\u062b\",\"url\":\"https:\\\/\\\/egyhealthmedical.com\\\/\",\"logo\":{\"@type\":\"ImageObject\",\"inLanguage\":\"en-US\",\"@id\":\"https:\\\/\\\/egyhealthmedical.com\\\/#\\\/schema\\\/logo\\\/image\\\/\",\"url\":\"https:\\\/\\\/egyhealthmedical.com\\\/wp-content\\\/uploads\\\/2025\\\/05\\\/Asset-218lava-187x54-1.png\",\"contentUrl\":\"https:\\\/\\\/egyhealthmedical.com\\\/wp-content\\\/uploads\\\/2025\\\/05\\\/Asset-218lava-187x54-1.png\",\"width\":187,\"height\":54,\"caption\":\"\u0625\u064a\u062c\u064a \u0647\u064a\u0644\u062b\"},\"image\":{\"@id\":\"https:\\\/\\\/egyhealthmedical.com\\\/#\\\/schema\\\/logo\\\/image\\\/\"}}]}<\/script>\n<!-- \/ Yoast SEO plugin. -->","yoast_head_json":{"title":"Electric Wheelchair Foldable | cheapest price | Egy Health","description":"Electric Wheelchair Foldable , from Egy Health medical supplies , Real guarantee , Discounts of up to 25% Call now 01013383669","robots":{"index":"index","follow":"follow","max-snippet":"max-snippet:-1","max-image-preview":"max-image-preview:large","max-video-preview":"max-video-preview:-1"},"canonical":"https:\/\/egyhealthmedical.com\/en\/product\/electric-wheelchair-foldable\/","og_locale":"en_US","og_type":"article","og_title":"Electric Wheelchair Foldable | cheapest price | Egy Health","og_description":"Electric Wheelchair Foldable , from Egy Health medical supplies , Real guarantee , Discounts of up to 25% Call now 01013383669","og_url":"https:\/\/egyhealthmedical.com\/en\/product\/electric-wheelchair-foldable\/","og_site_name":"EgyHealth for Medical Equipment","article_modified_time":"2025-06-22T17:37:07+00:00","og_image":[{"width":2000,"height":2000,"url":"https:\/\/egyhealthmedical.com\/wp-content\/uploads\/2025\/01\/Electric-Wheelchair-Foldable.png","type":"image\/png"}],"twitter_card":"summary_large_image","schema":{"@context":"https:\/\/schema.org","@graph":[{"@type":"WebPage","@id":"https:\/\/egyhealthmedical.com\/en\/product\/electric-wheelchair-foldable\/","url":"https:\/\/egyhealthmedical.com\/en\/product\/electric-wheelchair-foldable\/","name":"Electric Wheelchair Foldable | cheapest price | Egy Health","isPartOf":{"@id":"https:\/\/egyhealthmedical.com\/#website"},"primaryImageOfPage":{"@id":"https:\/\/egyhealthmedical.com\/en\/product\/electric-wheelchair-foldable\/#primaryimage"},"image":{"@id":"https:\/\/egyhealthmedical.com\/en\/product\/electric-wheelchair-foldable\/#primaryimage"},"thumbnailUrl":"https:\/\/egyhealthmedical.com\/wp-content\/uploads\/2025\/01\/Electric-Wheelchair-Foldable.png","datePublished":"2025-01-28T17:19:06+00:00","dateModified":"2025-06-22T17:37:07+00:00","description":"Electric Wheelchair Foldable , from Egy Health medical supplies , Real guarantee , Discounts of up to 25% Call now 01013383669","breadcrumb":{"@id":"https:\/\/egyhealthmedical.com\/en\/product\/electric-wheelchair-foldable\/#breadcrumb"},"inLanguage":"en-US","potentialAction":[{"@type":"ReadAction","target":["https:\/\/egyhealthmedical.com\/en\/product\/electric-wheelchair-foldable\/"]}]},{"@type":"ImageObject","inLanguage":"en-US","@id":"https:\/\/egyhealthmedical.com\/en\/product\/electric-wheelchair-foldable\/#primaryimage","url":"https:\/\/egyhealthmedical.com\/wp-content\/uploads\/2025\/01\/Electric-Wheelchair-Foldable.png","contentUrl":"https:\/\/egyhealthmedical.com\/wp-content\/uploads\/2025\/01\/Electric-Wheelchair-Foldable.png","width":2000,"height":2000,"caption":"\u0643\u0631\u0633\u064a \u0645\u062a\u062d\u0631\u0643 \u0643\u0647\u0631\u0628\u0627\u0626\u0649 \u0642\u0627\u0628\u0644 \u0644\u0644\u0637\u0649 Electric Wheelchair Foldable , EGY HEALTH"},{"@type":"BreadcrumbList","@id":"https:\/\/egyhealthmedical.com\/en\/product\/electric-wheelchair-foldable\/#breadcrumb","itemListElement":[{"@type":"ListItem","position":1,"name":"Home","item":"https:\/\/egyhealthmedical.com\/en\/"},{"@type":"ListItem","position":2,"name":"\u0627\u0644\u0645\u062a\u062c\u0631","item":"https:\/\/egyhealthmedical.com\/store\/"},{"@type":"ListItem","position":3,"name":"Electric Wheelchair Foldable"}]},{"@type":"WebSite","@id":"https:\/\/egyhealthmedical.com\/#website","url":"https:\/\/egyhealthmedical.com\/","name":"EgyHealth for Medical Equipment","description":"Medical Equipments","publisher":{"@id":"https:\/\/egyhealthmedical.com\/#organization"},"potentialAction":[{"@type":"SearchAction","target":{"@type":"EntryPoint","urlTemplate":"https:\/\/egyhealthmedical.com\/?s={search_term_string}"},"query-input":{"@type":"PropertyValueSpecification","valueRequired":true,"valueName":"search_term_string"}}],"inLanguage":"en-US"},{"@type":"Organization","@id":"https:\/\/egyhealthmedical.com\/#organization","name":"\u0625\u064a\u062c\u064a \u0647\u064a\u0644\u062b","url":"https:\/\/egyhealthmedical.com\/","logo":{"@type":"ImageObject","inLanguage":"en-US","@id":"https:\/\/egyhealthmedical.com\/#\/schema\/logo\/image\/","url":"https:\/\/egyhealthmedical.com\/wp-content\/uploads\/2025\/05\/Asset-218lava-187x54-1.png","contentUrl":"https:\/\/egyhealthmedical.com\/wp-content\/uploads\/2025\/05\/Asset-218lava-187x54-1.png","width":187,"height":54,"caption":"\u0625\u064a\u062c\u064a \u0647\u064a\u0644\u062b"},"image":{"@id":"https:\/\/egyhealthmedical.com\/#\/schema\/logo\/image\/"}}]}},"_links":{"self":[{"href":"https:\/\/egyhealthmedical.com\/en\/wp-json\/wp\/v2\/product\/29288","targetHints":{"allow":["GET"]}}],"collection":[{"href":"https:\/\/egyhealthmedical.com\/en\/wp-json\/wp\/v2\/product"}],"about":[{"href":"https:\/\/egyhealthmedical.com\/en\/wp-json\/wp\/v2\/types\/product"}],"replies":[{"embeddable":true,"href":"https:\/\/egyhealthmedical.com\/en\/wp-json\/wp\/v2\/comments?post=29288"}],"wp:featuredmedia":[{"embeddable":true,"href":"https:\/\/egyhealthmedical.com\/en\/wp-json\/wp\/v2\/media\/29289"}],"wp:attachment":[{"href":"https:\/\/egyhealthmedical.com\/en\/wp-json\/wp\/v2\/media?parent=29288"}],"wp:term":[{"taxonomy":"product_brand","embeddable":true,"href":"https:\/\/egyhealthmedical.com\/en\/wp-json\/wp\/v2\/product_brand?post=29288"},{"taxonomy":"product_cat","embeddable":true,"href":"https:\/\/egyhealthmedical.com\/en\/wp-json\/wp\/v2\/product_cat?post=29288"},{"taxonomy":"product_tag","embeddable":true,"href":"https:\/\/egyhealthmedical.com\/en\/wp-json\/wp\/v2\/product_tag?post=29288"}],"curies":[{"name":"wp","href":"https:\/\/api.w.org\/{rel}","templated":true}]}}