{"id":24162,"date":"2023-12-23T11:13:32","date_gmt":"2023-12-23T11:13:32","guid":{"rendered":"https:\/\/egyhealthmedical.com?post_type=product&#038;p=24162"},"modified":"2026-03-11T19:12:45","modified_gmt":"2026-03-11T19:12:45","slug":"ambulance-stretcher-chair","status":"publish","type":"product","link":"https:\/\/egyhealthmedical.com\/en\/product\/ambulance-stretcher-chair\/","title":{"rendered":"Ambulance stretcher chair"},"content":{"rendered":"<p><strong>Ambulance stretcher chair<\/strong><\/p>\n<p><strong>Material<\/strong>: aluminum alloy<\/p>\n<p><strong>Usage:<\/strong> confined spaces, ambulances and playgrounds<\/p>\n<p><strong>Loading capacity<\/strong>:150kg<\/p>\n<p><strong>Folded size<\/strong>: 105 \u00d7 12 \u00d7 54 cm<\/p>\n<p><strong>Expansion size<\/strong>: 188 \u00d7 50 \u00d7 20<\/p>\n<p><strong>Sitting height:<\/strong> 52 cm<\/p>\n<p><strong>Seat belts:<\/strong> number two<\/p>\n<p><strong>Calf number<\/strong>:two<\/p>\n<p><strong>Product weight<\/strong>:9,5 kg<\/p>\n<p>&nbsp;<\/p>\n<h6><span style=\"color: #0000ff;\"><strong>Product specifications<\/strong><\/span><\/h6>\n<p><strong>It can be folded in the form of a chair to make it easier to pass<\/strong><\/p>\n<p><strong>through narrow, hard-to-pass areas.<\/strong><\/p>\n<p><strong>Made of high strength aluminum alloy material<\/strong><\/p>\n<p><strong>Lightweight and very durable<\/strong><\/p>\n<p><strong>Two compact straps, easy to use, labor-saving, simple<\/strong><\/p>\n<p><strong>and practical structure<\/strong><\/p>\n<p><strong>Two rear wheels to move patients on most surfaces<\/strong><\/p>\n<p><strong>with minimal effort<\/strong><\/p>\n<p><strong>Stretcher can be turned into a chair<\/strong><\/p>\n<p><strong>Used in confined spaces<\/strong><\/p>\n<p><strong>The stretcher keeps patients safe because of the fixing belts<\/strong><\/p>\n<p><strong>Foldable stretcher for safe storage and convenient transportation<\/strong><\/p>\n<p><strong>You can take it in your bag when going camping, hiking, fishing<\/strong><\/p>\n<p><strong>or for medical help<\/strong><\/p>\n<p><strong>It is made of high-strength aluminum alloy<\/strong><\/p>\n<p><strong>and leather material, easy to clean.<\/strong><\/p>\n<p><strong>It can be used as a stretcher and chair.<\/strong><\/p>\n<p><strong>Mainly used in narrow hallways<\/strong><\/p>\n<p>&nbsp;<\/p>\n<p><span style=\"color: #993366;\"><a style=\"color: #993366;\" href=\"https:\/\/egyhealthmedical.comen\/product-category\/equipping-an-ambulance-car\/\"><strong>For More Equipping An Ambulance Car<\/strong><\/a><\/span><\/p>\n<p>&nbsp;<\/p>\n<h6><span style=\"color: #0000ff;\">Typical conditions for equipping an ambulance<\/span><\/h6>\n<p><strong>Medical devices &amp; equipment<\/strong><\/p>\n<p><strong>trolley stretcher<\/strong><\/p>\n<p><strong>Width from 55-60cm and length from 180-195cm<\/strong><\/p>\n<p><strong>Availability of their own belts to stabilize the patient<\/strong><\/p>\n<p><strong>The stretcher bears weights up to 150 kg<\/strong><\/p>\n<p><strong>chair stretcher<\/strong><\/p>\n<p><strong>Width not less than 48 cm<\/strong><\/p>\n<p><strong>The belts are easy to fold, open and move<\/strong><\/p>\n<p><strong>board stretcher<\/strong><\/p>\n<p><strong>Allow x-rays<\/strong><\/p>\n<p><strong>&#8211; 1 large number, size not less than 183 cm, 41 cm &#8211; 1 halved number,<\/strong><\/p>\n<p><strong>size 81 cm, 41 cm<\/strong><\/p>\n<p><strong>Equipped with special belts<\/strong><br \/>\n<strong>Stretchers and accessories are not allowed to be hung on the ceiling<\/strong><\/p>\n<p><strong>It must be fastened with its own fastening strap<\/strong><\/p>\n<p><strong>It is easy to disassemble and take down<\/strong><\/p>\n<p><strong>when necessary and is not above the patient&#8217;s stretcher<\/strong><\/p>\n<p><strong>medical equipments<\/strong><\/p>\n<p><strong>electric suction device<\/strong><\/p>\n<p><strong>The device works by an internal rechargeable battery<\/strong><\/p>\n<p><strong>and can be powered by 12 volts<\/strong><\/p>\n<p><strong>It is preferable to work by 220 volts directly<\/strong><\/p>\n<p><strong>from the electrical outlets in the car<\/strong><\/p>\n<p><strong>Exudate collection container with a capacity of 1 liter<\/strong><\/p>\n<p><strong>nebulizer device<\/strong><\/p>\n<p><strong>Easy to carry and light in weight<\/strong><\/p>\n<p><strong>blood glucose monitoring system<\/strong><\/p>\n<p><strong>sphygmomanoter\u00a0 &amp; <\/strong><b>stethoscope<\/b><\/p>\n<p><strong>splints<\/strong><\/p>\n<p><strong>Limb fixing splints<\/strong><\/p>\n<p><strong>Rigid type neck splints<\/strong><\/p>\n<p><strong>10 liter oxygen cylinder<\/strong><\/p>\n<p><strong>2 cylinders 2 oxygen regulators<\/strong><\/p>\n<p><strong>6 respirators (single-use)<\/strong><\/p>\n<p><strong>medical bags<\/strong><\/p>\n<p><span style=\"color: #800080;\"><strong>A first aid kit for burns, containing<\/strong><\/span><br \/>\n<strong>Fire sheet and gloves and Vaseline gauze<\/strong><\/p>\n<p><strong>sterile dressing and gauze bandage<\/strong><\/p>\n<p><strong>Plaster does not cause allergies<\/strong><\/p>\n<p><strong>gauze scissors and Foam adhesive strap<\/strong><\/p>\n<p>&nbsp;<\/p>\n<p><span style=\"color: #800080;\"><strong>Resuscitation bag for breathing contains<\/strong><\/span><br \/>\n<strong>&#8211; 1 liter oxygen cylinder with regulator and connections<\/strong><\/p>\n<p><strong>Manual breathing apparatus(ambubag)<\/strong><\/p>\n<p><strong>Laryngoscope and its batteries<\/strong><\/p>\n<p><strong>Laryngeal tubes sizes<\/strong><\/p>\n<p><strong>Air corridors sizes<\/strong><\/p>\n<p><strong>Detection gloves<\/strong><\/p>\n<p>&nbsp;<\/p>\n<p><strong>The cheapest price from Egy Health Medical devices<\/strong><\/p>\n<p><strong>Real guarantee,<\/strong><\/p>\n<p><strong>discount of up to 25% <\/strong><\/p>\n<p><strong>Call now 01013383669<\/strong><\/p>\n<p>&nbsp;<\/p>\n","protected":false},"excerpt":{"rendered":"<p>Ambulance stretcher chair Material: aluminum alloy Usage: confined spaces, ambulances and playgrounds Loading capacity:150kg Folded size: 105 \u00d7 12 \u00d7 54 cm Expansion size: 188 \u00d7 50 \u00d7 20 Sitting height: 52 cm Seat belts: number two Calf number:two Product weight:9,5 kg &nbsp; Product specifications It can be folded in the form of a chair to make it easier to pass through narrow, hard-to-pass areas. Made of high strength aluminum alloy material Lightweight and very durable Two compact straps, easy to use, labor-saving, simple and practical structure Two rear wheels to move patients on most surfaces with minimal effort Stretcher can be turned into a chair Used in confined spaces The stretcher keeps patients safe because of the fixing belts Foldable stretcher for safe storage and convenient transportation You can take it in your bag when going camping, hiking, fishing or for medical help It is made of high-strength aluminum alloy and leather material, easy to clean. It can be used as a stretcher and chair. Mainly used in narrow hallways &nbsp; For More Equipping An Ambulance Car &nbsp; Typical conditions for equipping an ambulance Medical devices &amp; equipment trolley stretcher Width from 55-60cm and length from 180-195cm Availability of their own belts to stabilize the patient The stretcher bears weights up to 150 kg chair stretcher Width not less than 48 cm The belts are easy to fold, open and move board stretcher Allow x-rays &#8211; 1 large number, size not less than 183 cm, 41 cm &#8211; 1 halved number, size 81 cm, 41 cm Equipped with special belts Stretchers and accessories are not allowed to be hung on the ceiling It must be fastened with its own fastening strap It is easy to disassemble and take down when necessary and is not above the patient&#8217;s stretcher medical equipments electric suction device The device works by an internal rechargeable battery and can be powered by 12 volts It is preferable to work by 220 volts directly from the electrical outlets in the car Exudate collection container with a capacity of 1 liter nebulizer device Easy to carry and light in weight blood glucose monitoring system sphygmomanoter\u00a0 &amp; stethoscope splints Limb fixing splints Rigid type neck splints 10 liter oxygen cylinder 2 cylinders 2 oxygen regulators 6 respirators (single-use) medical bags A first aid kit for burns, containing Fire sheet and gloves and Vaseline gauze sterile dressing and gauze bandage Plaster does not cause allergies gauze scissors and Foam adhesive strap &nbsp; Resuscitation bag for breathing contains &#8211; 1 liter oxygen cylinder with regulator and connections Manual breathing apparatus(ambubag) Laryngoscope and its batteries Laryngeal tubes sizes Air corridors sizes Detection gloves &nbsp; The cheapest price from Egy Health Medical devices Real guarantee, discount of up to 25% Call now 01013383669 &nbsp;<\/p>\n","protected":false},"featured_media":26319,"comment_status":"open","ping_status":"closed","template":"","meta":[],"product_brand":[],"product_cat":[174],"product_tag":[],"class_list":{"0":"post-24162","1":"product","2":"type-product","3":"status-publish","4":"has-post-thumbnail","6":"product_cat-ambulance-equipment","8":"first","9":"instock","10":"sale","11":"shipping-taxable","12":"purchasable","13":"product-type-simple"},"yoast_head":"<!-- This site is optimized with the Yoast SEO plugin v27.3 - https:\/\/yoast.com\/product\/yoast-seo-wordpress\/ -->\n<title>Ambulance stretcher chair | Ambulance Equipment | Egy Health<\/title>\n<meta name=\"description\" content=\"Ambulance stretcher chair , The cheapest price from Egy Health Medical devices Real guarantee, discount of up to 25% Call now 01013383669\" \/>\n<meta name=\"robots\" content=\"index, follow, max-snippet:-1, max-image-preview:large, max-video-preview:-1\" \/>\n<link rel=\"canonical\" href=\"https:\/\/egyhealthmedical.com\/product\/ambulance-stretcher-chair\/\" \/>\n<meta property=\"og:locale\" content=\"en_US\" \/>\n<meta property=\"og:type\" content=\"article\" \/>\n<meta property=\"og:title\" content=\"Ambulance stretcher chair | Ambulance Equipment | Egy Health\" \/>\n<meta property=\"og:description\" content=\"Ambulance stretcher chair , The cheapest price from Egy Health Medical devices Real guarantee, discount of up to 25% Call now 01013383669\" \/>\n<meta property=\"og:url\" content=\"https:\/\/egyhealthmedical.com\/product\/ambulance-stretcher-chair\/\" \/>\n<meta property=\"og:site_name\" content=\"EgyHealth for Medical Equipment\" \/>\n<meta property=\"article:modified_time\" content=\"2026-03-11T19:12:45+00:00\" \/>\n<meta property=\"og:image\" content=\"https:\/\/egyhealthmedical.com\/wp-content\/uploads\/2023\/12\/Ambulance-stretcher-chair.png\" \/>\n\t<meta property=\"og:image:width\" content=\"2000\" \/>\n\t<meta property=\"og:image:height\" content=\"2000\" \/>\n\t<meta property=\"og:image:type\" content=\"image\/png\" \/>\n<meta name=\"twitter:card\" content=\"summary_large_image\" \/>\n<script type=\"application\/ld+json\" class=\"yoast-schema-graph\">{\"@context\":\"https:\\\/\\\/schema.org\",\"@graph\":[{\"@type\":\"WebPage\",\"@id\":\"https:\\\/\\\/egyhealthmedical.com\\\/product\\\/ambulance-stretcher-chair\\\/\",\"url\":\"https:\\\/\\\/egyhealthmedical.com\\\/product\\\/ambulance-stretcher-chair\\\/\",\"name\":\"Ambulance stretcher chair | Ambulance Equipment | Egy Health\",\"isPartOf\":{\"@id\":\"https:\\\/\\\/egyhealthmedical.com\\\/#website\"},\"primaryImageOfPage\":{\"@id\":\"https:\\\/\\\/egyhealthmedical.com\\\/product\\\/ambulance-stretcher-chair\\\/#primaryimage\"},\"image\":{\"@id\":\"https:\\\/\\\/egyhealthmedical.com\\\/product\\\/ambulance-stretcher-chair\\\/#primaryimage\"},\"thumbnailUrl\":\"https:\\\/\\\/egyhealthmedical.com\\\/wp-content\\\/uploads\\\/2023\\\/12\\\/Ambulance-stretcher-chair.png\",\"datePublished\":\"2023-12-23T11:13:32+00:00\",\"dateModified\":\"2026-03-11T19:12:45+00:00\",\"description\":\"Ambulance stretcher chair , The cheapest price from Egy Health Medical devices Real guarantee, discount of up to 25% Call now 01013383669\",\"breadcrumb\":{\"@id\":\"https:\\\/\\\/egyhealthmedical.com\\\/product\\\/ambulance-stretcher-chair\\\/#breadcrumb\"},\"inLanguage\":\"en-US\",\"potentialAction\":[{\"@type\":\"ReadAction\",\"target\":[\"https:\\\/\\\/egyhealthmedical.com\\\/product\\\/ambulance-stretcher-chair\\\/\"]}]},{\"@type\":\"ImageObject\",\"inLanguage\":\"en-US\",\"@id\":\"https:\\\/\\\/egyhealthmedical.com\\\/product\\\/ambulance-stretcher-chair\\\/#primaryimage\",\"url\":\"https:\\\/\\\/egyhealthmedical.com\\\/wp-content\\\/uploads\\\/2023\\\/12\\\/Ambulance-stretcher-chair.png\",\"contentUrl\":\"https:\\\/\\\/egyhealthmedical.com\\\/wp-content\\\/uploads\\\/2023\\\/12\\\/Ambulance-stretcher-chair.png\",\"width\":2000,\"height\":2000,\"caption\":\"\u0643\u0631\u0633\u064a \u0646\u0642\u0627\u0644\u0629 \u0627\u0633\u0639\u0627\u0641 Ambulance stretcher chair\"},{\"@type\":\"BreadcrumbList\",\"@id\":\"https:\\\/\\\/egyhealthmedical.com\\\/product\\\/ambulance-stretcher-chair\\\/#breadcrumb\",\"itemListElement\":[{\"@type\":\"ListItem\",\"position\":1,\"name\":\"Home\",\"item\":\"https:\\\/\\\/egyhealthmedical.com\\\/en\\\/\"},{\"@type\":\"ListItem\",\"position\":2,\"name\":\"\u0627\u0644\u0645\u062a\u062c\u0631\",\"item\":\"https:\\\/\\\/egyhealthmedical.com\\\/store\\\/\"},{\"@type\":\"ListItem\",\"position\":3,\"name\":\"Ambulance stretcher chair\"}]},{\"@type\":\"WebSite\",\"@id\":\"https:\\\/\\\/egyhealthmedical.com\\\/#website\",\"url\":\"https:\\\/\\\/egyhealthmedical.com\\\/\",\"name\":\"EgyHealth for Medical Equipment\",\"description\":\"Medical Equipments\",\"publisher\":{\"@id\":\"https:\\\/\\\/egyhealthmedical.com\\\/#organization\"},\"potentialAction\":[{\"@type\":\"SearchAction\",\"target\":{\"@type\":\"EntryPoint\",\"urlTemplate\":\"https:\\\/\\\/egyhealthmedical.com\\\/?s={search_term_string}\"},\"query-input\":{\"@type\":\"PropertyValueSpecification\",\"valueRequired\":true,\"valueName\":\"search_term_string\"}}],\"inLanguage\":\"en-US\"},{\"@type\":\"Organization\",\"@id\":\"https:\\\/\\\/egyhealthmedical.com\\\/#organization\",\"name\":\"\u0625\u064a\u062c\u064a \u0647\u064a\u0644\u062b\",\"url\":\"https:\\\/\\\/egyhealthmedical.com\\\/\",\"logo\":{\"@type\":\"ImageObject\",\"inLanguage\":\"en-US\",\"@id\":\"https:\\\/\\\/egyhealthmedical.com\\\/#\\\/schema\\\/logo\\\/image\\\/\",\"url\":\"https:\\\/\\\/egyhealthmedical.com\\\/wp-content\\\/uploads\\\/2025\\\/05\\\/Asset-218lava-187x54-1.png\",\"contentUrl\":\"https:\\\/\\\/egyhealthmedical.com\\\/wp-content\\\/uploads\\\/2025\\\/05\\\/Asset-218lava-187x54-1.png\",\"width\":187,\"height\":54,\"caption\":\"\u0625\u064a\u062c\u064a \u0647\u064a\u0644\u062b\"},\"image\":{\"@id\":\"https:\\\/\\\/egyhealthmedical.com\\\/#\\\/schema\\\/logo\\\/image\\\/\"}}]}<\/script>\n<!-- \/ Yoast SEO plugin. -->","yoast_head_json":{"title":"Ambulance stretcher chair | Ambulance Equipment | Egy Health","description":"Ambulance stretcher chair , The cheapest price from Egy Health Medical devices Real guarantee, discount of up to 25% Call now 01013383669","robots":{"index":"index","follow":"follow","max-snippet":"max-snippet:-1","max-image-preview":"max-image-preview:large","max-video-preview":"max-video-preview:-1"},"canonical":"https:\/\/egyhealthmedical.com\/product\/ambulance-stretcher-chair\/","og_locale":"en_US","og_type":"article","og_title":"Ambulance stretcher chair | Ambulance Equipment | Egy Health","og_description":"Ambulance stretcher chair , The cheapest price from Egy Health Medical devices Real guarantee, discount of up to 25% Call now 01013383669","og_url":"https:\/\/egyhealthmedical.com\/product\/ambulance-stretcher-chair\/","og_site_name":"EgyHealth for Medical Equipment","article_modified_time":"2026-03-11T19:12:45+00:00","og_image":[{"width":2000,"height":2000,"url":"https:\/\/egyhealthmedical.com\/wp-content\/uploads\/2023\/12\/Ambulance-stretcher-chair.png","type":"image\/png"}],"twitter_card":"summary_large_image","schema":{"@context":"https:\/\/schema.org","@graph":[{"@type":"WebPage","@id":"https:\/\/egyhealthmedical.com\/product\/ambulance-stretcher-chair\/","url":"https:\/\/egyhealthmedical.com\/product\/ambulance-stretcher-chair\/","name":"Ambulance stretcher chair | Ambulance Equipment | Egy Health","isPartOf":{"@id":"https:\/\/egyhealthmedical.com\/#website"},"primaryImageOfPage":{"@id":"https:\/\/egyhealthmedical.com\/product\/ambulance-stretcher-chair\/#primaryimage"},"image":{"@id":"https:\/\/egyhealthmedical.com\/product\/ambulance-stretcher-chair\/#primaryimage"},"thumbnailUrl":"https:\/\/egyhealthmedical.com\/wp-content\/uploads\/2023\/12\/Ambulance-stretcher-chair.png","datePublished":"2023-12-23T11:13:32+00:00","dateModified":"2026-03-11T19:12:45+00:00","description":"Ambulance stretcher chair , The cheapest price from Egy Health Medical devices Real guarantee, discount of up to 25% Call now 01013383669","breadcrumb":{"@id":"https:\/\/egyhealthmedical.com\/product\/ambulance-stretcher-chair\/#breadcrumb"},"inLanguage":"en-US","potentialAction":[{"@type":"ReadAction","target":["https:\/\/egyhealthmedical.com\/product\/ambulance-stretcher-chair\/"]}]},{"@type":"ImageObject","inLanguage":"en-US","@id":"https:\/\/egyhealthmedical.com\/product\/ambulance-stretcher-chair\/#primaryimage","url":"https:\/\/egyhealthmedical.com\/wp-content\/uploads\/2023\/12\/Ambulance-stretcher-chair.png","contentUrl":"https:\/\/egyhealthmedical.com\/wp-content\/uploads\/2023\/12\/Ambulance-stretcher-chair.png","width":2000,"height":2000,"caption":"\u0643\u0631\u0633\u064a \u0646\u0642\u0627\u0644\u0629 \u0627\u0633\u0639\u0627\u0641 Ambulance stretcher chair"},{"@type":"BreadcrumbList","@id":"https:\/\/egyhealthmedical.com\/product\/ambulance-stretcher-chair\/#breadcrumb","itemListElement":[{"@type":"ListItem","position":1,"name":"Home","item":"https:\/\/egyhealthmedical.com\/en\/"},{"@type":"ListItem","position":2,"name":"\u0627\u0644\u0645\u062a\u062c\u0631","item":"https:\/\/egyhealthmedical.com\/store\/"},{"@type":"ListItem","position":3,"name":"Ambulance stretcher chair"}]},{"@type":"WebSite","@id":"https:\/\/egyhealthmedical.com\/#website","url":"https:\/\/egyhealthmedical.com\/","name":"EgyHealth for Medical Equipment","description":"Medical Equipments","publisher":{"@id":"https:\/\/egyhealthmedical.com\/#organization"},"potentialAction":[{"@type":"SearchAction","target":{"@type":"EntryPoint","urlTemplate":"https:\/\/egyhealthmedical.com\/?s={search_term_string}"},"query-input":{"@type":"PropertyValueSpecification","valueRequired":true,"valueName":"search_term_string"}}],"inLanguage":"en-US"},{"@type":"Organization","@id":"https:\/\/egyhealthmedical.com\/#organization","name":"\u0625\u064a\u062c\u064a \u0647\u064a\u0644\u062b","url":"https:\/\/egyhealthmedical.com\/","logo":{"@type":"ImageObject","inLanguage":"en-US","@id":"https:\/\/egyhealthmedical.com\/#\/schema\/logo\/image\/","url":"https:\/\/egyhealthmedical.com\/wp-content\/uploads\/2025\/05\/Asset-218lava-187x54-1.png","contentUrl":"https:\/\/egyhealthmedical.com\/wp-content\/uploads\/2025\/05\/Asset-218lava-187x54-1.png","width":187,"height":54,"caption":"\u0625\u064a\u062c\u064a \u0647\u064a\u0644\u062b"},"image":{"@id":"https:\/\/egyhealthmedical.com\/#\/schema\/logo\/image\/"}}]}},"_links":{"self":[{"href":"https:\/\/egyhealthmedical.com\/en\/wp-json\/wp\/v2\/product\/24162","targetHints":{"allow":["GET"]}}],"collection":[{"href":"https:\/\/egyhealthmedical.com\/en\/wp-json\/wp\/v2\/product"}],"about":[{"href":"https:\/\/egyhealthmedical.com\/en\/wp-json\/wp\/v2\/types\/product"}],"replies":[{"embeddable":true,"href":"https:\/\/egyhealthmedical.com\/en\/wp-json\/wp\/v2\/comments?post=24162"}],"wp:featuredmedia":[{"embeddable":true,"href":"https:\/\/egyhealthmedical.com\/en\/wp-json\/wp\/v2\/media\/26319"}],"wp:attachment":[{"href":"https:\/\/egyhealthmedical.com\/en\/wp-json\/wp\/v2\/media?parent=24162"}],"wp:term":[{"taxonomy":"product_brand","embeddable":true,"href":"https:\/\/egyhealthmedical.com\/en\/wp-json\/wp\/v2\/product_brand?post=24162"},{"taxonomy":"product_cat","embeddable":true,"href":"https:\/\/egyhealthmedical.com\/en\/wp-json\/wp\/v2\/product_cat?post=24162"},{"taxonomy":"product_tag","embeddable":true,"href":"https:\/\/egyhealthmedical.com\/en\/wp-json\/wp\/v2\/product_tag?post=24162"}],"curies":[{"name":"wp","href":"https:\/\/api.w.org\/{rel}","templated":true}]}}