{"id":17074,"date":"2022-11-22T10:50:54","date_gmt":"2022-11-22T10:50:54","guid":{"rendered":"https:\/\/egyhealthmedical.com?post_type=product&#038;p=17074"},"modified":"2026-03-31T13:33:56","modified_gmt":"2026-03-31T13:33:56","slug":"pneumatic-tourniquet-riester-germany","status":"publish","type":"product","link":"https:\/\/egyhealthmedical.com\/en\/product\/pneumatic-tourniquet-riester-germany\/","title":{"rendered":"Pneumatic Tourniquet Riester Germany"},"content":{"rendered":"<p><strong>Pneumatic Tourniquet Riester Germany<\/strong><\/p>\n<p><strong>Product name: German Riester bone tourniquet<\/strong><\/p>\n<p><strong>Function: restricts blood circulation in the extremities<\/strong><\/p>\n<p><strong>Location: Germany<\/strong><\/p>\n<p><strong>Usage: used to measure blood pressure<\/strong><\/p>\n<p>&nbsp;<\/p>\n<p><span style=\"color: #0000ff;\"><strong>Product description<\/strong><\/span><\/p>\n<p><strong>in case of amputation<\/strong><\/p>\n<p><strong>Equipped with an accurate blood pressure reading meter.<\/strong><\/p>\n<p><strong>Durable metal pump.<\/strong><\/p>\n<p><strong>Chrome-plated metal sphygmomanometer<\/strong><\/p>\n<p><strong>with easy-to-read aluminum scale<\/strong><\/p>\n<p><strong>up to 700 mmHg.<\/strong><\/p>\n<p><strong>Includes<\/strong><\/p>\n<p><strong>57 \u00d7 9 cm (22.44 \u00d7 3.54 in) upper cuff<\/strong><\/p>\n<p><strong>and<\/strong><\/p>\n<p><strong>96 \u00d7 13 cm (37.80 \u00d7 5.12 in) thigh cuff.<\/strong><\/p>\n<p><strong>Optional baby bracelet<\/strong><\/p>\n<p><strong>38 \u00d7 8 cm (14.96 \u00d7 3.15 inches)<\/strong><\/p>\n<p><strong>Washable and sterilizable handcuffs<\/strong><\/p>\n<p>&nbsp;<\/p>\n<h6><span style=\"color: #0000ff;\"><strong>Mode of operation<\/strong><\/span><\/h6>\n<p><strong>Close the release valve (3.4) by rotating it clockwise<\/strong><\/p>\n<p><strong>The screw tube connector is at the end of the cuff tube<\/strong><\/p>\n<p><strong>in the tube socket located in the manometer housing.<\/strong><\/p>\n<p><strong>A tourniquet with a cuff should be examined<\/strong><\/p>\n<p><strong>Turn on the pump hold the pump (3.2.) With one hand,<\/strong><\/p>\n<p><strong>and with the other, carefully pull out the pump<\/strong><\/p>\n<p><strong>Air pipe for the pump on the black plastic ball (3.9.)<\/strong><\/p>\n<p><strong>Until the breakpoint and then<\/strong><\/p>\n<p><strong>Push it back into the valve.<\/strong><\/p>\n<p><strong>A scale that shows the desired value.<\/strong><\/p>\n<p>&nbsp;<\/p>\n<h6><span style=\"color: #0000ff;\"><strong>Cuff placement<\/strong><\/span><\/h6>\n<p><strong>Place the cuff around the respective limb<\/strong><\/p>\n<p><strong>and tighten the laces on the belt<\/strong><\/p>\n<p><strong>By pulling them through metal buckles.<\/strong><\/p>\n<p><strong>The outlet of the pipe should be approximately.<\/strong><\/p>\n<p><strong>In the center of the limb to be treated.<\/strong><\/p>\n<p><strong>Restriction of blood circulation in the arms:<\/strong><\/p>\n<p><strong>In order to restrict blood circulation in the arms,<\/strong><\/p>\n<p><strong>the manometer should be pumped up to approx.<\/strong><\/p>\n<p><strong>250 mmHg using the pump.<\/strong><\/p>\n<p><strong>Restriction of blood circulation on the legs<\/strong><\/p>\n<p>&nbsp;<\/p>\n<p><strong>In order to restrict blood circulation in the legs,<\/strong><\/p>\n<p><strong>550 mmHg per pump.<\/strong><\/p>\n<p>&nbsp;<\/p>\n<h6><span style=\"color: #0000ff;\"><strong>Cleaning method<\/strong><\/span><\/h6>\n<p><strong>The manometer outside can be cleaned<\/strong><\/p>\n<p><strong>with a damp cloth until it is visually cleaned.<\/strong><\/p>\n<p><strong>Important instructions:<\/strong><\/p>\n<p><strong>Never put the scale in the liquid!<\/strong><\/p>\n<p><strong>This item is not approved for automatic reprocessing<\/strong><\/p>\n<p><strong>and sterilization. These actions are irreparable.<\/strong><\/p>\n<p><strong>Do not iron the collar covers.<\/strong><\/p>\n<p><strong>Never expose cuffs to intense solar radiation!<\/strong><\/p>\n<p><strong>Never touch the caps of the bracelets<\/strong><\/p>\n<p>&nbsp;<\/p>\n<p>&nbsp;<\/p>\n<p>&nbsp;<\/p>\n<p><strong> The cheapest price from Egy Health Medical <\/strong><\/p>\n<p><strong>Real guarantee,<\/strong><\/p>\n<p><strong>discounts of up to 25% <\/strong><\/p>\n<p><strong>Call now 01013383669<\/strong><\/p>\n<p>&nbsp;<\/p>\n","protected":false},"excerpt":{"rendered":"<p>Pneumatic Tourniquet Riester Germany Product name: German Riester bone tourniquet Function: restricts blood circulation in the extremities Location: Germany Usage: used to measure blood pressure &nbsp; Product description in case of amputation Equipped with an accurate blood pressure reading meter. Durable metal pump. Chrome-plated metal sphygmomanometer with easy-to-read aluminum scale up to 700 mmHg. Includes 57 \u00d7 9 cm (22.44 \u00d7 3.54 in) upper cuff and 96 \u00d7 13 cm (37.80 \u00d7 5.12 in) thigh cuff. Optional baby bracelet 38 \u00d7 8 cm (14.96 \u00d7 3.15 inches) Washable and sterilizable handcuffs &nbsp; Mode of operation Close the release valve (3.4) by rotating it clockwise The screw tube connector is at the end of the cuff tube in the tube socket located in the manometer housing. A tourniquet with a cuff should be examined Turn on the pump hold the pump (3.2.) With one hand, and with the other, carefully pull out the pump Air pipe for the pump on the black plastic ball (3.9.) Until the breakpoint and then Push it back into the valve. A scale that shows the desired value. &nbsp; Cuff placement Place the cuff around the respective limb and tighten the laces on the belt By pulling them through metal buckles. The outlet of the pipe should be approximately. In the center of the limb to be treated. Restriction of blood circulation in the arms: In order to restrict blood circulation in the arms, the manometer should be pumped up to approx. 250 mmHg using the pump. Restriction of blood circulation on the legs &nbsp; In order to restrict blood circulation in the legs, 550 mmHg per pump. &nbsp; Cleaning method The manometer outside can be cleaned with a damp cloth until it is visually cleaned. Important instructions: Never put the scale in the liquid! This item is not approved for automatic reprocessing and sterilization. These actions are irreparable. Do not iron the collar covers. Never expose cuffs to intense solar radiation! Never touch the caps of the bracelets &nbsp; &nbsp; &nbsp; The cheapest price from Egy Health Medical Real guarantee, discounts of up to 25% Call now 01013383669 &nbsp;<\/p>\n","protected":false},"featured_media":17075,"comment_status":"open","ping_status":"closed","template":"","meta":[],"product_brand":[],"product_cat":[175],"product_tag":[],"class_list":{"0":"post-17074","1":"product","2":"type-product","3":"status-publish","4":"has-post-thumbnail","6":"product_cat-equipping-clinics","8":"first","9":"instock","10":"sale","11":"shipping-taxable","12":"purchasable","13":"product-type-simple"},"yoast_head":"<!-- This site is optimized with the Yoast SEO plugin v27.3 - https:\/\/yoast.com\/product\/yoast-seo-wordpress\/ -->\n<title>Pneumatic Tourniquet Riester Germany | medical supplies | Egy Health<\/title>\n<meta name=\"description\" content=\"Pneumatic Tourniquet Riester Germany , from Egy Health Medical Real guarantee, discount of up to 25% Call now 01013383669\" \/>\n<meta name=\"robots\" content=\"index, follow, max-snippet:-1, max-image-preview:large, max-video-preview:-1\" \/>\n<link rel=\"canonical\" href=\"https:\/\/egyhealthmedical.com\/en\/product\/pneumatic-tourniquet-riester-germany\/\" \/>\n<meta property=\"og:locale\" content=\"en_US\" \/>\n<meta property=\"og:type\" content=\"article\" \/>\n<meta property=\"og:title\" content=\"Pneumatic Tourniquet Riester Germany | medical supplies | Egy Health\" \/>\n<meta property=\"og:description\" content=\"Pneumatic Tourniquet Riester Germany , from Egy Health Medical Real guarantee, discount of up to 25% Call now 01013383669\" \/>\n<meta property=\"og:url\" content=\"https:\/\/egyhealthmedical.com\/en\/product\/pneumatic-tourniquet-riester-germany\/\" \/>\n<meta property=\"og:site_name\" content=\"EgyHealth for Medical Equipment\" \/>\n<meta property=\"article:modified_time\" content=\"2026-03-31T13:33:56+00:00\" \/>\n<meta property=\"og:image\" content=\"https:\/\/egyhealthmedical.com\/wp-content\/uploads\/2022\/11\/\u0639\u0638\u0627\u0645-\u062a\u0648\u0631\u0646\u064a\u0643\u064a\u0647-1.jpg\" \/>\n\t<meta property=\"og:image:width\" content=\"600\" \/>\n\t<meta property=\"og:image:height\" content=\"601\" \/>\n\t<meta property=\"og:image:type\" content=\"image\/jpeg\" \/>\n<meta name=\"twitter:card\" content=\"summary_large_image\" \/>\n<script type=\"application\/ld+json\" class=\"yoast-schema-graph\">{\"@context\":\"https:\\\/\\\/schema.org\",\"@graph\":[{\"@type\":\"WebPage\",\"@id\":\"https:\\\/\\\/egyhealthmedical.com\\\/en\\\/product\\\/pneumatic-tourniquet-riester-germany\\\/\",\"url\":\"https:\\\/\\\/egyhealthmedical.com\\\/en\\\/product\\\/pneumatic-tourniquet-riester-germany\\\/\",\"name\":\"Pneumatic Tourniquet Riester Germany | medical supplies | Egy Health\",\"isPartOf\":{\"@id\":\"https:\\\/\\\/egyhealthmedical.com\\\/#website\"},\"primaryImageOfPage\":{\"@id\":\"https:\\\/\\\/egyhealthmedical.com\\\/en\\\/product\\\/pneumatic-tourniquet-riester-germany\\\/#primaryimage\"},\"image\":{\"@id\":\"https:\\\/\\\/egyhealthmedical.com\\\/en\\\/product\\\/pneumatic-tourniquet-riester-germany\\\/#primaryimage\"},\"thumbnailUrl\":\"https:\\\/\\\/egyhealthmedical.com\\\/wp-content\\\/uploads\\\/2022\\\/11\\\/\u0639\u0638\u0627\u0645-\u062a\u0648\u0631\u0646\u064a\u0643\u064a\u0647-1.jpg\",\"datePublished\":\"2022-11-22T10:50:54+00:00\",\"dateModified\":\"2026-03-31T13:33:56+00:00\",\"description\":\"Pneumatic Tourniquet Riester Germany , from Egy Health Medical Real guarantee, discount of up to 25% Call now 01013383669\",\"breadcrumb\":{\"@id\":\"https:\\\/\\\/egyhealthmedical.com\\\/en\\\/product\\\/pneumatic-tourniquet-riester-germany\\\/#breadcrumb\"},\"inLanguage\":\"en-US\",\"potentialAction\":[{\"@type\":\"ReadAction\",\"target\":[\"https:\\\/\\\/egyhealthmedical.com\\\/en\\\/product\\\/pneumatic-tourniquet-riester-germany\\\/\"]}]},{\"@type\":\"ImageObject\",\"inLanguage\":\"en-US\",\"@id\":\"https:\\\/\\\/egyhealthmedical.com\\\/en\\\/product\\\/pneumatic-tourniquet-riester-germany\\\/#primaryimage\",\"url\":\"https:\\\/\\\/egyhealthmedical.com\\\/wp-content\\\/uploads\\\/2022\\\/11\\\/\u0639\u0638\u0627\u0645-\u062a\u0648\u0631\u0646\u064a\u0643\u064a\u0647-1.jpg\",\"contentUrl\":\"https:\\\/\\\/egyhealthmedical.com\\\/wp-content\\\/uploads\\\/2022\\\/11\\\/\u0639\u0638\u0627\u0645-\u062a\u0648\u0631\u0646\u064a\u0643\u064a\u0647-1.jpg\",\"width\":600,\"height\":601,\"caption\":\"Pneumatic Tourniquet Riester Germany , Egy Health\"},{\"@type\":\"BreadcrumbList\",\"@id\":\"https:\\\/\\\/egyhealthmedical.com\\\/en\\\/product\\\/pneumatic-tourniquet-riester-germany\\\/#breadcrumb\",\"itemListElement\":[{\"@type\":\"ListItem\",\"position\":1,\"name\":\"Home\",\"item\":\"https:\\\/\\\/egyhealthmedical.com\\\/en\\\/\"},{\"@type\":\"ListItem\",\"position\":2,\"name\":\"\u0627\u0644\u0645\u062a\u062c\u0631\",\"item\":\"https:\\\/\\\/egyhealthmedical.com\\\/store\\\/\"},{\"@type\":\"ListItem\",\"position\":3,\"name\":\"Pneumatic Tourniquet Riester Germany\"}]},{\"@type\":\"WebSite\",\"@id\":\"https:\\\/\\\/egyhealthmedical.com\\\/#website\",\"url\":\"https:\\\/\\\/egyhealthmedical.com\\\/\",\"name\":\"EgyHealth for Medical Equipment\",\"description\":\"Medical Equipments\",\"publisher\":{\"@id\":\"https:\\\/\\\/egyhealthmedical.com\\\/#organization\"},\"potentialAction\":[{\"@type\":\"SearchAction\",\"target\":{\"@type\":\"EntryPoint\",\"urlTemplate\":\"https:\\\/\\\/egyhealthmedical.com\\\/?s={search_term_string}\"},\"query-input\":{\"@type\":\"PropertyValueSpecification\",\"valueRequired\":true,\"valueName\":\"search_term_string\"}}],\"inLanguage\":\"en-US\"},{\"@type\":\"Organization\",\"@id\":\"https:\\\/\\\/egyhealthmedical.com\\\/#organization\",\"name\":\"\u0625\u064a\u062c\u064a \u0647\u064a\u0644\u062b\",\"url\":\"https:\\\/\\\/egyhealthmedical.com\\\/\",\"logo\":{\"@type\":\"ImageObject\",\"inLanguage\":\"en-US\",\"@id\":\"https:\\\/\\\/egyhealthmedical.com\\\/#\\\/schema\\\/logo\\\/image\\\/\",\"url\":\"https:\\\/\\\/egyhealthmedical.com\\\/wp-content\\\/uploads\\\/2025\\\/05\\\/Asset-218lava-187x54-1.png\",\"contentUrl\":\"https:\\\/\\\/egyhealthmedical.com\\\/wp-content\\\/uploads\\\/2025\\\/05\\\/Asset-218lava-187x54-1.png\",\"width\":187,\"height\":54,\"caption\":\"\u0625\u064a\u062c\u064a \u0647\u064a\u0644\u062b\"},\"image\":{\"@id\":\"https:\\\/\\\/egyhealthmedical.com\\\/#\\\/schema\\\/logo\\\/image\\\/\"}}]}<\/script>\n<!-- \/ Yoast SEO plugin. -->","yoast_head_json":{"title":"Pneumatic Tourniquet Riester Germany | medical supplies | Egy Health","description":"Pneumatic Tourniquet Riester Germany , from Egy Health Medical Real guarantee, discount of up to 25% Call now 01013383669","robots":{"index":"index","follow":"follow","max-snippet":"max-snippet:-1","max-image-preview":"max-image-preview:large","max-video-preview":"max-video-preview:-1"},"canonical":"https:\/\/egyhealthmedical.com\/en\/product\/pneumatic-tourniquet-riester-germany\/","og_locale":"en_US","og_type":"article","og_title":"Pneumatic Tourniquet Riester Germany | medical supplies | Egy Health","og_description":"Pneumatic Tourniquet Riester Germany , from Egy Health Medical Real guarantee, discount of up to 25% Call now 01013383669","og_url":"https:\/\/egyhealthmedical.com\/en\/product\/pneumatic-tourniquet-riester-germany\/","og_site_name":"EgyHealth for Medical Equipment","article_modified_time":"2026-03-31T13:33:56+00:00","og_image":[{"width":600,"height":601,"url":"https:\/\/egyhealthmedical.com\/wp-content\/uploads\/2022\/11\/\u0639\u0638\u0627\u0645-\u062a\u0648\u0631\u0646\u064a\u0643\u064a\u0647-1.jpg","type":"image\/jpeg"}],"twitter_card":"summary_large_image","schema":{"@context":"https:\/\/schema.org","@graph":[{"@type":"WebPage","@id":"https:\/\/egyhealthmedical.com\/en\/product\/pneumatic-tourniquet-riester-germany\/","url":"https:\/\/egyhealthmedical.com\/en\/product\/pneumatic-tourniquet-riester-germany\/","name":"Pneumatic Tourniquet Riester Germany | medical supplies | Egy Health","isPartOf":{"@id":"https:\/\/egyhealthmedical.com\/#website"},"primaryImageOfPage":{"@id":"https:\/\/egyhealthmedical.com\/en\/product\/pneumatic-tourniquet-riester-germany\/#primaryimage"},"image":{"@id":"https:\/\/egyhealthmedical.com\/en\/product\/pneumatic-tourniquet-riester-germany\/#primaryimage"},"thumbnailUrl":"https:\/\/egyhealthmedical.com\/wp-content\/uploads\/2022\/11\/\u0639\u0638\u0627\u0645-\u062a\u0648\u0631\u0646\u064a\u0643\u064a\u0647-1.jpg","datePublished":"2022-11-22T10:50:54+00:00","dateModified":"2026-03-31T13:33:56+00:00","description":"Pneumatic Tourniquet Riester Germany , from Egy Health Medical Real guarantee, discount of up to 25% Call now 01013383669","breadcrumb":{"@id":"https:\/\/egyhealthmedical.com\/en\/product\/pneumatic-tourniquet-riester-germany\/#breadcrumb"},"inLanguage":"en-US","potentialAction":[{"@type":"ReadAction","target":["https:\/\/egyhealthmedical.com\/en\/product\/pneumatic-tourniquet-riester-germany\/"]}]},{"@type":"ImageObject","inLanguage":"en-US","@id":"https:\/\/egyhealthmedical.com\/en\/product\/pneumatic-tourniquet-riester-germany\/#primaryimage","url":"https:\/\/egyhealthmedical.com\/wp-content\/uploads\/2022\/11\/\u0639\u0638\u0627\u0645-\u062a\u0648\u0631\u0646\u064a\u0643\u064a\u0647-1.jpg","contentUrl":"https:\/\/egyhealthmedical.com\/wp-content\/uploads\/2022\/11\/\u0639\u0638\u0627\u0645-\u062a\u0648\u0631\u0646\u064a\u0643\u064a\u0647-1.jpg","width":600,"height":601,"caption":"Pneumatic Tourniquet Riester Germany , Egy Health"},{"@type":"BreadcrumbList","@id":"https:\/\/egyhealthmedical.com\/en\/product\/pneumatic-tourniquet-riester-germany\/#breadcrumb","itemListElement":[{"@type":"ListItem","position":1,"name":"Home","item":"https:\/\/egyhealthmedical.com\/en\/"},{"@type":"ListItem","position":2,"name":"\u0627\u0644\u0645\u062a\u062c\u0631","item":"https:\/\/egyhealthmedical.com\/store\/"},{"@type":"ListItem","position":3,"name":"Pneumatic Tourniquet Riester Germany"}]},{"@type":"WebSite","@id":"https:\/\/egyhealthmedical.com\/#website","url":"https:\/\/egyhealthmedical.com\/","name":"EgyHealth for Medical Equipment","description":"Medical Equipments","publisher":{"@id":"https:\/\/egyhealthmedical.com\/#organization"},"potentialAction":[{"@type":"SearchAction","target":{"@type":"EntryPoint","urlTemplate":"https:\/\/egyhealthmedical.com\/?s={search_term_string}"},"query-input":{"@type":"PropertyValueSpecification","valueRequired":true,"valueName":"search_term_string"}}],"inLanguage":"en-US"},{"@type":"Organization","@id":"https:\/\/egyhealthmedical.com\/#organization","name":"\u0625\u064a\u062c\u064a \u0647\u064a\u0644\u062b","url":"https:\/\/egyhealthmedical.com\/","logo":{"@type":"ImageObject","inLanguage":"en-US","@id":"https:\/\/egyhealthmedical.com\/#\/schema\/logo\/image\/","url":"https:\/\/egyhealthmedical.com\/wp-content\/uploads\/2025\/05\/Asset-218lava-187x54-1.png","contentUrl":"https:\/\/egyhealthmedical.com\/wp-content\/uploads\/2025\/05\/Asset-218lava-187x54-1.png","width":187,"height":54,"caption":"\u0625\u064a\u062c\u064a \u0647\u064a\u0644\u062b"},"image":{"@id":"https:\/\/egyhealthmedical.com\/#\/schema\/logo\/image\/"}}]}},"_links":{"self":[{"href":"https:\/\/egyhealthmedical.com\/en\/wp-json\/wp\/v2\/product\/17074","targetHints":{"allow":["GET"]}}],"collection":[{"href":"https:\/\/egyhealthmedical.com\/en\/wp-json\/wp\/v2\/product"}],"about":[{"href":"https:\/\/egyhealthmedical.com\/en\/wp-json\/wp\/v2\/types\/product"}],"replies":[{"embeddable":true,"href":"https:\/\/egyhealthmedical.com\/en\/wp-json\/wp\/v2\/comments?post=17074"}],"wp:featuredmedia":[{"embeddable":true,"href":"https:\/\/egyhealthmedical.com\/en\/wp-json\/wp\/v2\/media\/17075"}],"wp:attachment":[{"href":"https:\/\/egyhealthmedical.com\/en\/wp-json\/wp\/v2\/media?parent=17074"}],"wp:term":[{"taxonomy":"product_brand","embeddable":true,"href":"https:\/\/egyhealthmedical.com\/en\/wp-json\/wp\/v2\/product_brand?post=17074"},{"taxonomy":"product_cat","embeddable":true,"href":"https:\/\/egyhealthmedical.com\/en\/wp-json\/wp\/v2\/product_cat?post=17074"},{"taxonomy":"product_tag","embeddable":true,"href":"https:\/\/egyhealthmedical.com\/en\/wp-json\/wp\/v2\/product_tag?post=17074"}],"curies":[{"name":"wp","href":"https:\/\/api.w.org\/{rel}","templated":true}]}}