{"id":13605,"date":"2022-04-08T12:00:07","date_gmt":"2022-04-08T12:00:07","guid":{"rendered":"https:\/\/egyhealthmedical.com?post_type=product&#038;p=13605"},"modified":"2026-03-15T18:49:01","modified_gmt":"2026-03-15T18:49:01","slug":"neck-massage-pillow","status":"publish","type":"product","link":"https:\/\/egyhealthmedical.com\/en\/product\/neck-massage-pillow\/","title":{"rendered":"neck massage pillow"},"content":{"rendered":"<p><strong>neck massage pillow<\/strong><\/p>\n<p>&nbsp;<\/p>\n<h6><span style=\"color: #0000ff;\"><strong>Description<\/strong><\/span><\/h6>\n<p><strong>Material: plush<\/strong><\/p>\n<p><strong>Filling: foam<\/strong><\/p>\n<p><strong>The pillow has a rechargeable lithium battery<\/strong><\/p>\n<p><strong>Charging time: &#8211; 2 hours<\/strong><\/p>\n<p><strong>Dimensions:- 12.2 \u00d7 21.8 \u00d7 25.4 cm<\/strong><\/p>\n<p>&nbsp;<\/p>\n<h6><span style=\"color: #0000ff;\"><strong>Package content<\/strong><\/span><\/h6>\n<p><strong>1\u00d7 pillow<\/strong><\/p>\n<p>&nbsp;<\/p>\n<h6><span style=\"color: #0000ff;\"><strong>Method of use\u00a0<\/strong><\/span><\/h6>\n<p><strong>Press the power button for 30 seconds to turn on<\/strong><\/p>\n<p><strong>After a punch, step on the M-letter button<\/strong><\/p>\n<p><strong>How to choose the direction of massage<\/strong><\/p>\n<p><strong>And the button on it is 3<\/strong><\/p>\n<p><strong>Choose the appropriate massage strength for you<\/strong><\/p>\n<p><strong>Use it for 10 minutes every day for a month<\/strong><\/p>\n<p>&nbsp;<\/p>\n<h6><span style=\"color: #0000ff;\"><strong>Features<\/strong><\/span><\/h6>\n<p><strong>Will help stimulate blood circulation <\/strong><strong>by massage and vibration of the neck<\/strong><\/p>\n<p><strong>It is used for neck pain sufferers to avoid<\/strong><\/p>\n<p><strong>the appearance of pain and relax<\/strong><\/p>\n<p><strong>Used for those who spend long working hours <\/strong><strong>in front of the computer<\/strong><\/p>\n<p><strong>or driving for distances<\/strong><\/p>\n<p><strong>Its material is soft on the neck, <\/strong><strong>does not cause inflammation<\/strong><\/p>\n<p><strong>Custom pillow design appreciates wraps <\/strong><strong>on each neck<\/strong><\/p>\n<p><strong>Suitable for different neck sizes <\/strong><strong>because it has a rope<\/strong><\/p>\n<p><strong>Easy to use, because it has a button<\/strong><\/p>\n<p><strong>that you can easily control<\/strong><\/p>\n<p><strong>It has a lock button on the other <\/strong><strong>so that it is tight and you use it<\/strong><\/p>\n<p><strong>It works with the vibration system, <\/strong><strong>to relax the muscles and treat any cramps<\/strong><\/p>\n<p><strong>give you a restful and quiet sleep<\/strong><\/p>\n<p><strong>You can use it anywhere <\/strong><strong>and anytime as a travel outfit \u2013 office-car-train<\/strong><\/p>\n<p>&nbsp;<\/p>\n<h6><span style=\"color: #0000ff;\"><strong>Why use a medical pillow?<\/strong><\/span><\/h6>\n<p><span style=\"color: #0000ff;\"><strong>which are<\/strong><\/span><\/p>\n<p><strong>Prevent back pain<\/strong><\/p>\n<p><strong>Most people use pillows<\/strong><\/p>\n<p><strong>Helps deal with neck pain<\/strong><\/p>\n<p><strong>Most pillows fail to provide proper support<\/strong><\/p>\n<p><strong>It makes sleeping positions worse.<\/strong><\/p>\n<p><strong>Fights and prevents headaches<\/strong><\/p>\n<p><strong>You may have experienced waking up<\/strong><\/p>\n<p><strong>with a headache or feeling light-headed.<\/strong><\/p>\n<p><strong>Your pillow may be to blame.<\/strong><\/p>\n<p><strong>Try sleeping without a pillow and notice<\/strong><\/p>\n<p><strong>Whether you will feel better the next day.<\/strong><\/p>\n<p><strong>in the distribution of oxygen in your head.<\/strong><\/p>\n<p><strong>relieve stress<\/strong><\/p>\n<p><strong>It keeps flipping and turning all night long.<\/strong><\/p>\n<p><strong>This leads to increased pressure.<\/strong><\/p>\n<p><strong>Which leads to other mental and health problems.<\/strong><\/p>\n<p><strong>The quality of sleep will help<\/strong><\/p>\n<p><strong>the body to reduce stress hormones.<\/strong><\/p>\n<p><strong>Plus, after a restful night&#8217;s sleep,<\/strong><\/p>\n<p><strong>Acid Reflux-<\/strong><\/p>\n<p><strong>in burning sensation in the lower chest.<\/strong><\/p>\n<p><strong>A positioning medical pillow might<\/strong><\/p>\n<p>&nbsp;<\/p>\n<p><strong>neck massage pillow<\/strong><\/p>\n<p>&nbsp;<\/p>\n<p>&nbsp;<\/p>\n<p>&nbsp;<\/p>\n<p><a href=\"https:\/\/egyhealthmedical.comen\/product-category\/medical-supplies\/\"><strong>For more slimming products and natural treatment<\/strong><\/a><\/p>\n<p>&nbsp;<\/p>\n<p>&nbsp;<\/p>\n<p><strong> from Egy Health medical devices and supplies company<\/strong><\/p>\n<p><strong>A real guarantee on all products<\/strong><\/p>\n<p><strong>And a discount of up to 25%<\/strong><\/p>\n<p><strong>Call now 01013383669<\/strong><\/p>\n","protected":false},"excerpt":{"rendered":"<p>neck massage pillow &nbsp; Description Material: plush Filling: foam The pillow has a rechargeable lithium battery Charging time: &#8211; 2 hours Dimensions:- 12.2 \u00d7 21.8 \u00d7 25.4 cm &nbsp; Package content 1\u00d7 pillow &nbsp; Method of use\u00a0 Press the power button for 30 seconds to turn on After a punch, step on the M-letter button How to choose the direction of massage And the button on it is 3 Choose the appropriate massage strength for you Use it for 10 minutes every day for a month &nbsp; Features Will help stimulate blood circulation by massage and vibration of the neck It is used for neck pain sufferers to avoid the appearance of pain and relax Used for those who spend long working hours in front of the computer or driving for distances Its material is soft on the neck, does not cause inflammation Custom pillow design appreciates wraps on each neck Suitable for different neck sizes because it has a rope Easy to use, because it has a button that you can easily control It has a lock button on the other so that it is tight and you use it It works with the vibration system, to relax the muscles and treat any cramps give you a restful and quiet sleep You can use it anywhere and anytime as a travel outfit \u2013 office-car-train &nbsp; Why use a medical pillow? which are Prevent back pain Most people use pillows Helps deal with neck pain Most pillows fail to provide proper support It makes sleeping positions worse. Fights and prevents headaches You may have experienced waking up with a headache or feeling light-headed. Your pillow may be to blame. Try sleeping without a pillow and notice Whether you will feel better the next day. in the distribution of oxygen in your head. relieve stress It keeps flipping and turning all night long. This leads to increased pressure. Which leads to other mental and health problems. The quality of sleep will help the body to reduce stress hormones. Plus, after a restful night&#8217;s sleep, Acid Reflux- in burning sensation in the lower chest. A positioning medical pillow might &nbsp; neck massage pillow &nbsp; &nbsp; &nbsp; For more slimming products and natural treatment &nbsp; &nbsp; from Egy Health medical devices and supplies company A real guarantee on all products And a discount of up to 25% Call now 01013383669<\/p>\n","protected":false},"featured_media":26291,"comment_status":"closed","ping_status":"closed","template":"","meta":[],"product_brand":[],"product_cat":[178,234],"product_tag":[],"class_list":{"0":"post-13605","1":"product","2":"type-product","3":"status-publish","4":"has-post-thumbnail","6":"product_cat-massager-losing-weight-devices","7":"product_cat-medical-supplies","9":"first","10":"instock","11":"sale","12":"shipping-taxable","13":"purchasable","14":"product-type-simple"},"yoast_head":"<!-- This site is optimized with the Yoast SEO plugin v27.3 - https:\/\/yoast.com\/product\/yoast-seo-wordpress\/ -->\n<title>neck massage pillow | medical supplies | The cheapest price | Egy Health<\/title>\n<meta name=\"description\" content=\"neck massage pillow , The cheapest price from Egy Health Medical devices Real guarantee, discount of up to 25% Call now 01013383669\" \/>\n<meta name=\"robots\" content=\"index, follow, max-snippet:-1, max-image-preview:large, max-video-preview:-1\" \/>\n<link rel=\"canonical\" href=\"https:\/\/egyhealthmedical.com\/en\/product\/neck-massage-pillow\/\" \/>\n<meta property=\"og:locale\" content=\"en_US\" \/>\n<meta property=\"og:type\" content=\"article\" \/>\n<meta property=\"og:title\" content=\"neck massage pillow | medical supplies | The cheapest price | Egy Health\" \/>\n<meta property=\"og:description\" content=\"neck massage pillow , The cheapest price from Egy Health Medical devices Real guarantee, discount of up to 25% Call now 01013383669\" \/>\n<meta property=\"og:url\" content=\"https:\/\/egyhealthmedical.com\/en\/product\/neck-massage-pillow\/\" \/>\n<meta property=\"og:site_name\" content=\"EgyHealth for Medical Equipment\" \/>\n<meta property=\"article:modified_time\" content=\"2026-03-15T18:49:01+00:00\" \/>\n<meta property=\"og:image\" content=\"https:\/\/egyhealthmedical.com\/wp-content\/uploads\/2022\/04\/neck-massage-pillow.png\" \/>\n\t<meta property=\"og:image:width\" content=\"2000\" \/>\n\t<meta property=\"og:image:height\" content=\"2000\" \/>\n\t<meta property=\"og:image:type\" content=\"image\/png\" \/>\n<meta name=\"twitter:card\" content=\"summary_large_image\" \/>\n<script type=\"application\/ld+json\" class=\"yoast-schema-graph\">{\"@context\":\"https:\\\/\\\/schema.org\",\"@graph\":[{\"@type\":\"WebPage\",\"@id\":\"https:\\\/\\\/egyhealthmedical.com\\\/en\\\/product\\\/neck-massage-pillow\\\/\",\"url\":\"https:\\\/\\\/egyhealthmedical.com\\\/en\\\/product\\\/neck-massage-pillow\\\/\",\"name\":\"neck massage pillow | medical supplies | The cheapest price | Egy Health\",\"isPartOf\":{\"@id\":\"https:\\\/\\\/egyhealthmedical.com\\\/#website\"},\"primaryImageOfPage\":{\"@id\":\"https:\\\/\\\/egyhealthmedical.com\\\/en\\\/product\\\/neck-massage-pillow\\\/#primaryimage\"},\"image\":{\"@id\":\"https:\\\/\\\/egyhealthmedical.com\\\/en\\\/product\\\/neck-massage-pillow\\\/#primaryimage\"},\"thumbnailUrl\":\"https:\\\/\\\/egyhealthmedical.com\\\/wp-content\\\/uploads\\\/2022\\\/04\\\/neck-massage-pillow.png\",\"datePublished\":\"2022-04-08T12:00:07+00:00\",\"dateModified\":\"2026-03-15T18:49:01+00:00\",\"description\":\"neck massage pillow , The cheapest price from Egy Health Medical devices Real guarantee, discount of up to 25% Call now 01013383669\",\"breadcrumb\":{\"@id\":\"https:\\\/\\\/egyhealthmedical.com\\\/en\\\/product\\\/neck-massage-pillow\\\/#breadcrumb\"},\"inLanguage\":\"en-US\",\"potentialAction\":[{\"@type\":\"ReadAction\",\"target\":[\"https:\\\/\\\/egyhealthmedical.com\\\/en\\\/product\\\/neck-massage-pillow\\\/\"]}]},{\"@type\":\"ImageObject\",\"inLanguage\":\"en-US\",\"@id\":\"https:\\\/\\\/egyhealthmedical.com\\\/en\\\/product\\\/neck-massage-pillow\\\/#primaryimage\",\"url\":\"https:\\\/\\\/egyhealthmedical.com\\\/wp-content\\\/uploads\\\/2022\\\/04\\\/neck-massage-pillow.png\",\"contentUrl\":\"https:\\\/\\\/egyhealthmedical.com\\\/wp-content\\\/uploads\\\/2022\\\/04\\\/neck-massage-pillow.png\",\"width\":2000,\"height\":2000,\"caption\":\"\u0631\u0642\u0628\u0629 \u0645\u0633\u0627\u062c \u0643\u0647\u0631\u0628\u0627\u0621 neck massage pillow , \u0627\u064a\u062c\u064a \u0647\u064a\u0644\u062b\"},{\"@type\":\"BreadcrumbList\",\"@id\":\"https:\\\/\\\/egyhealthmedical.com\\\/en\\\/product\\\/neck-massage-pillow\\\/#breadcrumb\",\"itemListElement\":[{\"@type\":\"ListItem\",\"position\":1,\"name\":\"Home\",\"item\":\"https:\\\/\\\/egyhealthmedical.com\\\/en\\\/\"},{\"@type\":\"ListItem\",\"position\":2,\"name\":\"\u0627\u0644\u0645\u062a\u062c\u0631\",\"item\":\"https:\\\/\\\/egyhealthmedical.com\\\/store\\\/\"},{\"@type\":\"ListItem\",\"position\":3,\"name\":\"neck massage pillow\"}]},{\"@type\":\"WebSite\",\"@id\":\"https:\\\/\\\/egyhealthmedical.com\\\/#website\",\"url\":\"https:\\\/\\\/egyhealthmedical.com\\\/\",\"name\":\"EgyHealth for Medical Equipment\",\"description\":\"Medical Equipments\",\"publisher\":{\"@id\":\"https:\\\/\\\/egyhealthmedical.com\\\/#organization\"},\"potentialAction\":[{\"@type\":\"SearchAction\",\"target\":{\"@type\":\"EntryPoint\",\"urlTemplate\":\"https:\\\/\\\/egyhealthmedical.com\\\/?s={search_term_string}\"},\"query-input\":{\"@type\":\"PropertyValueSpecification\",\"valueRequired\":true,\"valueName\":\"search_term_string\"}}],\"inLanguage\":\"en-US\"},{\"@type\":\"Organization\",\"@id\":\"https:\\\/\\\/egyhealthmedical.com\\\/#organization\",\"name\":\"\u0625\u064a\u062c\u064a \u0647\u064a\u0644\u062b\",\"url\":\"https:\\\/\\\/egyhealthmedical.com\\\/\",\"logo\":{\"@type\":\"ImageObject\",\"inLanguage\":\"en-US\",\"@id\":\"https:\\\/\\\/egyhealthmedical.com\\\/#\\\/schema\\\/logo\\\/image\\\/\",\"url\":\"https:\\\/\\\/egyhealthmedical.com\\\/wp-content\\\/uploads\\\/2025\\\/05\\\/Asset-218lava-187x54-1.png\",\"contentUrl\":\"https:\\\/\\\/egyhealthmedical.com\\\/wp-content\\\/uploads\\\/2025\\\/05\\\/Asset-218lava-187x54-1.png\",\"width\":187,\"height\":54,\"caption\":\"\u0625\u064a\u062c\u064a \u0647\u064a\u0644\u062b\"},\"image\":{\"@id\":\"https:\\\/\\\/egyhealthmedical.com\\\/#\\\/schema\\\/logo\\\/image\\\/\"}}]}<\/script>\n<!-- \/ Yoast SEO plugin. -->","yoast_head_json":{"title":"neck massage pillow | medical supplies | The cheapest price | Egy Health","description":"neck massage pillow , The cheapest price from Egy Health Medical devices Real guarantee, discount of up to 25% Call now 01013383669","robots":{"index":"index","follow":"follow","max-snippet":"max-snippet:-1","max-image-preview":"max-image-preview:large","max-video-preview":"max-video-preview:-1"},"canonical":"https:\/\/egyhealthmedical.com\/en\/product\/neck-massage-pillow\/","og_locale":"en_US","og_type":"article","og_title":"neck massage pillow | medical supplies | The cheapest price | Egy Health","og_description":"neck massage pillow , The cheapest price from Egy Health Medical devices Real guarantee, discount of up to 25% Call now 01013383669","og_url":"https:\/\/egyhealthmedical.com\/en\/product\/neck-massage-pillow\/","og_site_name":"EgyHealth for Medical Equipment","article_modified_time":"2026-03-15T18:49:01+00:00","og_image":[{"width":2000,"height":2000,"url":"https:\/\/egyhealthmedical.com\/wp-content\/uploads\/2022\/04\/neck-massage-pillow.png","type":"image\/png"}],"twitter_card":"summary_large_image","schema":{"@context":"https:\/\/schema.org","@graph":[{"@type":"WebPage","@id":"https:\/\/egyhealthmedical.com\/en\/product\/neck-massage-pillow\/","url":"https:\/\/egyhealthmedical.com\/en\/product\/neck-massage-pillow\/","name":"neck massage pillow | medical supplies | The cheapest price | Egy Health","isPartOf":{"@id":"https:\/\/egyhealthmedical.com\/#website"},"primaryImageOfPage":{"@id":"https:\/\/egyhealthmedical.com\/en\/product\/neck-massage-pillow\/#primaryimage"},"image":{"@id":"https:\/\/egyhealthmedical.com\/en\/product\/neck-massage-pillow\/#primaryimage"},"thumbnailUrl":"https:\/\/egyhealthmedical.com\/wp-content\/uploads\/2022\/04\/neck-massage-pillow.png","datePublished":"2022-04-08T12:00:07+00:00","dateModified":"2026-03-15T18:49:01+00:00","description":"neck massage pillow , The cheapest price from Egy Health Medical devices Real guarantee, discount of up to 25% Call now 01013383669","breadcrumb":{"@id":"https:\/\/egyhealthmedical.com\/en\/product\/neck-massage-pillow\/#breadcrumb"},"inLanguage":"en-US","potentialAction":[{"@type":"ReadAction","target":["https:\/\/egyhealthmedical.com\/en\/product\/neck-massage-pillow\/"]}]},{"@type":"ImageObject","inLanguage":"en-US","@id":"https:\/\/egyhealthmedical.com\/en\/product\/neck-massage-pillow\/#primaryimage","url":"https:\/\/egyhealthmedical.com\/wp-content\/uploads\/2022\/04\/neck-massage-pillow.png","contentUrl":"https:\/\/egyhealthmedical.com\/wp-content\/uploads\/2022\/04\/neck-massage-pillow.png","width":2000,"height":2000,"caption":"\u0631\u0642\u0628\u0629 \u0645\u0633\u0627\u062c \u0643\u0647\u0631\u0628\u0627\u0621 neck massage pillow , \u0627\u064a\u062c\u064a \u0647\u064a\u0644\u062b"},{"@type":"BreadcrumbList","@id":"https:\/\/egyhealthmedical.com\/en\/product\/neck-massage-pillow\/#breadcrumb","itemListElement":[{"@type":"ListItem","position":1,"name":"Home","item":"https:\/\/egyhealthmedical.com\/en\/"},{"@type":"ListItem","position":2,"name":"\u0627\u0644\u0645\u062a\u062c\u0631","item":"https:\/\/egyhealthmedical.com\/store\/"},{"@type":"ListItem","position":3,"name":"neck massage pillow"}]},{"@type":"WebSite","@id":"https:\/\/egyhealthmedical.com\/#website","url":"https:\/\/egyhealthmedical.com\/","name":"EgyHealth for Medical Equipment","description":"Medical Equipments","publisher":{"@id":"https:\/\/egyhealthmedical.com\/#organization"},"potentialAction":[{"@type":"SearchAction","target":{"@type":"EntryPoint","urlTemplate":"https:\/\/egyhealthmedical.com\/?s={search_term_string}"},"query-input":{"@type":"PropertyValueSpecification","valueRequired":true,"valueName":"search_term_string"}}],"inLanguage":"en-US"},{"@type":"Organization","@id":"https:\/\/egyhealthmedical.com\/#organization","name":"\u0625\u064a\u062c\u064a \u0647\u064a\u0644\u062b","url":"https:\/\/egyhealthmedical.com\/","logo":{"@type":"ImageObject","inLanguage":"en-US","@id":"https:\/\/egyhealthmedical.com\/#\/schema\/logo\/image\/","url":"https:\/\/egyhealthmedical.com\/wp-content\/uploads\/2025\/05\/Asset-218lava-187x54-1.png","contentUrl":"https:\/\/egyhealthmedical.com\/wp-content\/uploads\/2025\/05\/Asset-218lava-187x54-1.png","width":187,"height":54,"caption":"\u0625\u064a\u062c\u064a \u0647\u064a\u0644\u062b"},"image":{"@id":"https:\/\/egyhealthmedical.com\/#\/schema\/logo\/image\/"}}]}},"_links":{"self":[{"href":"https:\/\/egyhealthmedical.com\/en\/wp-json\/wp\/v2\/product\/13605","targetHints":{"allow":["GET"]}}],"collection":[{"href":"https:\/\/egyhealthmedical.com\/en\/wp-json\/wp\/v2\/product"}],"about":[{"href":"https:\/\/egyhealthmedical.com\/en\/wp-json\/wp\/v2\/types\/product"}],"replies":[{"embeddable":true,"href":"https:\/\/egyhealthmedical.com\/en\/wp-json\/wp\/v2\/comments?post=13605"}],"wp:featuredmedia":[{"embeddable":true,"href":"https:\/\/egyhealthmedical.com\/en\/wp-json\/wp\/v2\/media\/26291"}],"wp:attachment":[{"href":"https:\/\/egyhealthmedical.com\/en\/wp-json\/wp\/v2\/media?parent=13605"}],"wp:term":[{"taxonomy":"product_brand","embeddable":true,"href":"https:\/\/egyhealthmedical.com\/en\/wp-json\/wp\/v2\/product_brand?post=13605"},{"taxonomy":"product_cat","embeddable":true,"href":"https:\/\/egyhealthmedical.com\/en\/wp-json\/wp\/v2\/product_cat?post=13605"},{"taxonomy":"product_tag","embeddable":true,"href":"https:\/\/egyhealthmedical.com\/en\/wp-json\/wp\/v2\/product_tag?post=13605"}],"curies":[{"name":"wp","href":"https:\/\/api.w.org\/{rel}","templated":true}]}}